{"id":1620,"date":"2018-10-17T08:20:32","date_gmt":"2018-10-17T08:20:32","guid":{"rendered":"https:\/\/larreno.com\/?page_id=1620"},"modified":"2025-02-14T15:26:04","modified_gmt":"2025-02-14T15:26:04","slug":"moyens-techniques","status":"publish","type":"page","link":"https:\/\/larreno.com\/fr\/moyens-techniques\/","title":{"rendered":"MOYENS TECHNIQUES"},"content":{"rendered":"<p>[et_pb_section fb_built=\u00a0\u00bb1&Prime; admin_label=\u00a0\u00bbFAQ\u00a0\u00bb _builder_version=\u00a0\u00bb4.16&Prime; custom_padding=\u00a0\u00bb15px|0px|15px|0px\u00a0\u00bb global_colors_info=\u00a0\u00bb{}\u00a0\u00bb][et_pb_row _builder_version=\u00a0\u00bb4.16&Prime; background_size=\u00a0\u00bbinitial\u00a0\u00bb background_position=\u00a0\u00bbtop_left\u00a0\u00bb background_repeat=\u00a0\u00bbrepeat\u00a0\u00bb custom_margin=\u00a0\u00bb||0px|\u00a0\u00bb custom_padding=\u00a0\u00bb45px|0px|30px|0px\u00a0\u00bb custom_width_px=\u00a0\u00bb710px\u00a0\u00bb global_colors_info=\u00a0\u00bb{}\u00a0\u00bb][et_pb_column type=\u00a0\u00bb4_4&Prime; _builder_version=\u00a0\u00bb4.16&Prime; background_position=\u00a0\u00bbtop_left\u00a0\u00bb custom_padding=\u00a0\u00bb|||\u00a0\u00bb global_colors_info=\u00a0\u00bb{}\u00a0\u00bb custom_padding__hover=\u00a0\u00bb|||\u00a0\u00bb][et_pb_text admin_label=\u00a0\u00bbFAQ Section Title\u00a0\u00bb _builder_version=\u00a0\u00bb4.16&Prime; header_font=\u00a0\u00bbOswald||||||||\u00a0\u00bb header_text_align=\u00a0\u00bbleft\u00a0\u00bb header_text_color=\u00a0\u00bb#1f1f1f\u00a0\u00bb header_font_size=\u00a0\u00bb30&Prime; max_width=\u00a0\u00bb710px\u00a0\u00bb module_alignment=\u00a0\u00bbleft\u00a0\u00bb custom_margin=\u00a0\u00bb||5px|\u00a0\u00bb custom_padding=\u00a0\u00bb||5px|\u00a0\u00bb animation_direction=\u00a0\u00bbbottom\u00a0\u00bb global_colors_info=\u00a0\u00bb{}\u00a0\u00bb]<\/p>\n<h1>MOYENS TECHNIQUES<\/h1>\n<p>[\/et_pb_text][et_pb_divider color=\u00a0\u00bb#000000&Prime; _builder_version=\u00a0\u00bb4.16&Prime; global_colors_info=\u00a0\u00bb{}\u00a0\u00bb][\/et_pb_divider][et_pb_text _builder_version=\u00a0\u00bb4.16&Prime; global_colors_info=\u00a0\u00bb{}\u00a0\u00bb]<\/p>\n<p class=\"p1\"><strong>Nous disposons d\u2019un grand parc machines avec des presses m\u00e9caniques et hydrauliques pouvant aller jusqu\u2019\u00e0 1.800tn ainsi que d\u2019une \u00e9quipe qualifi\u00e9e,<\/strong> qui nous permettent d\u2019\u00eatre des pionniers dans un secteur hautement comp\u00e9titif, offrant \u00e0 nos clients de grandes possibilit\u00e9s techniques.<\/p>\n<p class=\"p1\">Ci-dessous, les caract\u00e9ristiques techniques de chaque presse et leurs dimensions:<\/p>\n<p>[\/et_pb_text][\/et_pb_column][\/et_pb_row][et_pb_row column_structure=\u00a0\u00bb1_3,2_3&Prime; _builder_version=\u00a0\u00bb4.16&Prime; background_size=\u00a0\u00bbinitial\u00a0\u00bb background_position=\u00a0\u00bbtop_left\u00a0\u00bb background_repeat=\u00a0\u00bbrepeat\u00a0\u00bb custom_margin=\u00a0\u00bb0px||0px|\u00a0\u00bb custom_padding=\u00a0\u00bb0px|0px|35px|0px\u00a0\u00bb custom_width_px=\u00a0\u00bb710px\u00a0\u00bb global_colors_info=\u00a0\u00bb{}\u00a0\u00bb][et_pb_column type=\u00a0\u00bb1_3&Prime; _builder_version=\u00a0\u00bb4.16&Prime; background_position=\u00a0\u00bbtop_left\u00a0\u00bb custom_padding=\u00a0\u00bb|||\u00a0\u00bb global_colors_info=\u00a0\u00bb{}\u00a0\u00bb custom_padding__hover=\u00a0\u00bb|||\u00a0\u00bb][et_pb_text admin_label=\u00a0\u00bbFAQ Section Title\u00a0\u00bb _builder_version=\u00a0\u00bb4.27.4&Prime; text_font=\u00a0\u00bbOswald||||||||\u00a0\u00bb text_text_color=\u00a0\u00bb#ffffff\u00a0\u00bb text_font_size=\u00a0\u00bb17&Prime; header_font=\u00a0\u00bbOswald||||||||\u00a0\u00bb header_text_align=\u00a0\u00bbleft\u00a0\u00bb header_text_color=\u00a0\u00bb#ffffff\u00a0\u00bb header_font_size=\u00a0\u00bb26&Prime; header_line_height=\u00a0\u00bb1.2em\u00a0\u00bb background_color=\u00a0\u00bbrgba(0,0,0,0.35)\u00a0\u00bb background_image=\u00a0\u00bbhttps:\/\/larreno.com\/wp-content\/uploads\/2018\/04\/pedazo-rojo.jpg\u00a0\u00bb max_width=\u00a0\u00bb710px\u00a0\u00bb module_alignment=\u00a0\u00bbleft\u00a0\u00bb custom_margin=\u00a0\u00bb||0px|\u00a0\u00bb custom_padding=\u00a0\u00bb30px|20px|30px|20px\u00a0\u00bb animation_direction=\u00a0\u00bbbottom\u00a0\u00bb global_colors_info=\u00a0\u00bb{}\u00a0\u00bb]<\/p>\n<p>PRESSES<br \/><a style=\"line-height: 1.7em;\" href=\"https:\/\/larreno.com\/fr\/moyens-techniques\/fagor-le4-1000-5000-2200\/\">\u2022 FAGOR LE4-1000-5000-2200 &gt;&gt;<\/a><br \/><a href=\"https:\/\/larreno.com\/fr\/moyens-techniques\/clearing-le2-800-4200-1800\/\">\u2022 CLEARING LE2-800-4200-1800 &gt;&gt;<\/a><br \/><a href=\"https:\/\/larreno.com\/fr\/moyens-techniques\/arisa-s-2\/\">\u2022 ARISA S-2-630-300-150-F-S &gt;&gt;<\/a><br \/><a href=\"https:\/\/larreno.com\/fr\/moyens-techniques\/fagor-em2-400-2150-1060\/\">\u2022 FAGOR EM2- 400-2150-1060 &gt;&gt;<\/a><br \/><span style=\"line-height: 1.7em;\"><a href=\"https:\/\/larreno.com\/fr\/moyens-techniques\/fagor-p-s-r-400-double\/\">\u2022 FAGOR P.S.R. 400 &gt;&gt;<\/a><br \/><\/span><span style=\"line-height: 1.7em;\"><a href=\"https:\/\/larreno.com\/fr\/moyens-techniques\/delteco-p-s-r-250-tn\/\">\u2022 DELTECO P.S.R. 250 &gt;&gt;<\/a><br \/><\/span><a style=\"line-height: 1.7em;\" href=\"https:\/\/larreno.com\/fr\/moyens-techniques\/onapres\/\">\u2022 ONAPRES Hydraul. UBe-180-3,25-AP &gt;&gt;<\/a><br \/><a href=\"https:\/\/larreno.com\/fr\/moyens-techniques\/kieserling-1000\/\">\u2022 KIESERLING-1000-4500-2500 &gt;&gt;<\/a><br \/><a style=\"line-height: 1.7em;\" href=\"https:\/\/larreno.com\/fr\/moyens-techniques\/soudure-mig-mag\/\">SOUDURE &gt;&gt;<\/a><\/p>\n<p>[\/et_pb_text][\/et_pb_column][et_pb_column type=\u00a0\u00bb2_3&Prime; _builder_version=\u00a0\u00bb4.16&Prime; custom_padding=\u00a0\u00bb|||\u00a0\u00bb global_colors_info=\u00a0\u00bb{}\u00a0\u00bb custom_padding__hover=\u00a0\u00bb|||\u00a0\u00bb][et_pb_image src=\u00a0\u00bbhttps:\/\/larreno.com\/wp-content\/uploads\/2018\/10\/fagor-mod.-le4-1000-5000-2200.jpg\u00a0\u00bb align_tablet=\u00a0\u00bbcenter\u00a0\u00bb align_phone=\u00a0\u00bbcenter\u00a0\u00bb align_last_edited=\u00a0\u00bbon|desktop\u00a0\u00bb _builder_version=\u00a0\u00bb4.16&Prime; custom_margin=\u00a0\u00bb||0px|\u00a0\u00bb animation_style=\u00a0\u00bbfold\u00a0\u00bb always_center_on_mobile=\u00a0\u00bbon\u00a0\u00bb global_colors_info=\u00a0\u00bb{}\u00a0\u00bb][\/et_pb_image][\/et_pb_column][\/et_pb_row][et_pb_row column_structure=\u00a0\u00bb1_3,2_3&Prime; _builder_version=\u00a0\u00bb4.16&Prime; background_size=\u00a0\u00bbinitial\u00a0\u00bb background_position=\u00a0\u00bbtop_left\u00a0\u00bb background_repeat=\u00a0\u00bbrepeat\u00a0\u00bb custom_margin=\u00a0\u00bb0px|||\u00a0\u00bb custom_padding=\u00a0\u00bb0px|0px|25px|0px\u00a0\u00bb custom_width_px=\u00a0\u00bb710px\u00a0\u00bb global_colors_info=\u00a0\u00bb{}\u00a0\u00bb][et_pb_column type=\u00a0\u00bb1_3&Prime; _builder_version=\u00a0\u00bb4.16&Prime; background_position=\u00a0\u00bbtop_left\u00a0\u00bb custom_padding=\u00a0\u00bb|||\u00a0\u00bb global_colors_info=\u00a0\u00bb{}\u00a0\u00bb custom_padding__hover=\u00a0\u00bb|||\u00a0\u00bb][\/et_pb_column][et_pb_column type=\u00a0\u00bb2_3&Prime; _builder_version=\u00a0\u00bb4.16&Prime; custom_padding=\u00a0\u00bb|||\u00a0\u00bb global_colors_info=\u00a0\u00bb{}\u00a0\u00bb custom_padding__hover=\u00a0\u00bb|||\u00a0\u00bb][et_pb_text _builder_version=\u00a0\u00bb4.16&Prime; text_font=\u00a0\u00bbOswald||||||||\u00a0\u00bb text_text_color=\u00a0\u00bb#303030&Prime; text_font_size=\u00a0\u00bb30&Prime; custom_margin=\u00a0\u00bb0px||10px|\u00a0\u00bb animation_style=\u00a0\u00bbfade\u00a0\u00bb global_colors_info=\u00a0\u00bb{}\u00a0\u00bb]Presse FAGOR LE4-1000-5000-2200<br \/>\n[\/et_pb_text][et_pb_text _builder_version=\u00a0\u00bb4.16&Prime; text_font=\u00a0\u00bbOswald||||||||\u00a0\u00bb text_text_color=\u00a0\u00bb#303030&Prime; text_font_size=\u00a0\u00bb25&Prime; custom_margin=\u00a0\u00bb0px||25px|\u00a0\u00bb animation_style=\u00a0\u00bbfade\u00a0\u00bb global_colors_info=\u00a0\u00bb{}\u00a0\u00bb]double montant et effect LINK DRIVE<br \/>\n[\/et_pb_text][\/et_pb_column][\/et_pb_row][et_pb_row column_structure=\u00a0\u00bb1_3,2_3&Prime; _builder_version=\u00a0\u00bb4.16&Prime; background_size=\u00a0\u00bbinitial\u00a0\u00bb background_position=\u00a0\u00bbtop_left\u00a0\u00bb background_repeat=\u00a0\u00bbrepeat\u00a0\u00bb custom_margin=\u00a0\u00bb0px|||\u00a0\u00bb custom_padding=\u00a0\u00bb0px|0px|45px|0px\u00a0\u00bb custom_width_px=\u00a0\u00bb710px\u00a0\u00bb global_colors_info=\u00a0\u00bb{}\u00a0\u00bb][et_pb_column type=\u00a0\u00bb1_3&Prime; _builder_version=\u00a0\u00bb4.16&Prime; background_position=\u00a0\u00bbtop_left\u00a0\u00bb custom_padding=\u00a0\u00bb|||\u00a0\u00bb global_colors_info=\u00a0\u00bb{}\u00a0\u00bb custom_padding__hover=\u00a0\u00bb|||\u00a0\u00bb][\/et_pb_column][et_pb_column type=\u00a0\u00bb2_3&Prime; _builder_version=\u00a0\u00bb4.16&Prime; custom_padding=\u00a0\u00bb|||\u00a0\u00bb global_colors_info=\u00a0\u00bb{}\u00a0\u00bb custom_padding__hover=\u00a0\u00bb|||\u00a0\u00bb][et_pb_divider color=\u00a0\u00bb#848484&Prime; _builder_version=\u00a0\u00bb4.16&Prime; custom_margin=\u00a0\u00bb0px||0px|\u00a0\u00bb global_colors_info=\u00a0\u00bb{}\u00a0\u00bb][\/et_pb_divider][et_pb_text _builder_version=\u00a0\u00bb4.16&Prime; text_text_color=\u00a0\u00bb#000000&Prime; text_font_size=\u00a0\u00bb17&Prime; custom_margin=\u00a0\u00bb0px||10px|\u00a0\u00bb global_colors_info=\u00a0\u00bb{}\u00a0\u00bb]<strong>PRESSE FAGOR LE4-1000-5000-2200<br \/>\ndouble montant et effect LINK DRIVE<br \/>\n<\/strong><br \/>\n[\/et_pb_text][et_pb_text _builder_version=\u00a0\u00bb4.16&Prime; custom_margin=\u00a0\u00bb||20px|\u00a0\u00bb global_colors_info=\u00a0\u00bb{}\u00a0\u00bb]Force nominale,\u00a0<strong style=\"line-height: 1.7em;\">10.000 kn<\/strong><br \/>\n<span style=\"line-height: 1.7em;\">Dimension de plateau, \u00a0<\/span><strong style=\"line-height: 1.7em;\">5.000 x 2.200 mm<br \/>\n<\/strong><span style=\"line-height: 1.7em;\">Dimension du chariot,\u00a0<strong style=\"line-height: 1.7em;\">5.000 x 2.200 mm<\/strong><\/span><strong style=\"line-height: 1.7em;\"><br \/>\n<\/strong><span style=\"line-height: 1.7em;\">Course,<\/span><strong style=\"line-height: 1.7em;\">\u00a0600 mm<br \/>\n<\/strong>Distance entre plateau et chariot, course en bas, contr\u00f4le en haut,\u00a0<strong>1.200 mm<\/strong><br \/>\nReglage du chariot,\u00a0<strong>500 mm<\/strong><br \/>\n[\/et_pb_text][et_pb_divider color=\u00a0\u00bb#848484&Prime; _builder_version=\u00a0\u00bb4.16&Prime; custom_margin=\u00a0\u00bb10px||20px|\u00a0\u00bb global_colors_info=\u00a0\u00bb{}\u00a0\u00bb][\/et_pb_divider][et_pb_divider color=\u00a0\u00bb#848484&Prime; _builder_version=\u00a0\u00bb4.16&Prime; custom_margin=\u00a0\u00bb0px||0px|\u00a0\u00bb global_colors_info=\u00a0\u00bb{}\u00a0\u00bb][\/et_pb_divider][et_pb_text _builder_version=\u00a0\u00bb4.16&Prime; text_text_color=\u00a0\u00bb#000000&Prime; text_font_size=\u00a0\u00bb17&Prime; custom_margin=\u00a0\u00bb0px||10px|\u00a0\u00bb global_colors_info=\u00a0\u00bb{}\u00a0\u00bb]<strong>LIGNE D&rsquo;ALIMENTATION COMPACTE LASA<\/strong><br \/>\n[\/et_pb_text][et_pb_text _builder_version=\u00a0\u00bb4.16&Prime; custom_margin=\u00a0\u00bb||20px|\u00a0\u00bb global_colors_info=\u00a0\u00bb{}\u00a0\u00bb]Largeur de bande maximun,\u00a0<strong>1.550 mm<\/strong><br \/>\n<span style=\"line-height: 1.7em;\">\u00c9paisseur,\u00a0<strong>0,5 \u00f7 9,5 mm<\/strong><br \/>\n<\/span><span style=\"line-height: 1.7em;\">Poids maximun de bobine,\u00a0<strong>15.000 kg<br \/>\n<\/strong>Avance maximum,<strong>\u00a00,99999 mm<br \/>\n<\/strong><\/span>Pr\u00e9cision: \u00a0<strong>\u00b1 \u00a00,1 mm<\/strong><br \/>\nVittese de pionte,\u00a0<strong>60 m\/min<br \/>\n<\/strong>Cadence maximum,\u00a0<strong>90 m\/min<br \/>\n<\/strong>Diam\u00e8tre ext\u00e9rieur maximum,\u00a0<strong>1.800 mm<\/strong><br \/>\n[\/et_pb_text][et_pb_divider color=\u00a0\u00bb#848484&Prime; _builder_version=\u00a0\u00bb4.16&Prime; custom_margin=\u00a0\u00bb10px||0px|\u00a0\u00bb global_colors_info=\u00a0\u00bb{}\u00a0\u00bb][\/et_pb_divider][\/et_pb_column][\/et_pb_row][et_pb_row column_structure=\u00a0\u00bb1_3,2_3&Prime; _builder_version=\u00a0\u00bb4.16&Prime; background_size=\u00a0\u00bbinitial\u00a0\u00bb background_position=\u00a0\u00bbtop_left\u00a0\u00bb background_repeat=\u00a0\u00bbrepeat\u00a0\u00bb custom_margin=\u00a0\u00bb0px||0px|\u00a0\u00bb custom_padding=\u00a0\u00bb0px|0px|0px|0px\u00a0\u00bb custom_width_px=\u00a0\u00bb710px\u00a0\u00bb global_colors_info=\u00a0\u00bb{}\u00a0\u00bb][et_pb_column type=\u00a0\u00bb1_3&Prime; _builder_version=\u00a0\u00bb4.16&Prime; background_position=\u00a0\u00bbtop_left\u00a0\u00bb custom_padding=\u00a0\u00bb|||\u00a0\u00bb global_colors_info=\u00a0\u00bb{}\u00a0\u00bb custom_padding__hover=\u00a0\u00bb|||\u00a0\u00bb][\/et_pb_column][et_pb_column type=\u00a0\u00bb2_3&Prime; _builder_version=\u00a0\u00bb4.16&Prime; custom_padding=\u00a0\u00bb|||\u00a0\u00bb global_colors_info=\u00a0\u00bb{}\u00a0\u00bb custom_padding__hover=\u00a0\u00bb|||\u00a0\u00bb][et_pb_image src=\u00a0\u00bbhttps:\/\/larreno.com\/wp-content\/uploads\/2018\/10\/larreno-le4.jpg\u00a0\u00bb force_fullwidth=\u00a0\u00bbon\u00a0\u00bb align_tablet=\u00a0\u00bbcenter\u00a0\u00bb align_phone=\u00a0\u00bbcenter\u00a0\u00bb align_last_edited=\u00a0\u00bbon|desktop\u00a0\u00bb _builder_version=\u00a0\u00bb4.16&Prime; custom_margin=\u00a0\u00bb0px||0px|\u00a0\u00bb custom_padding=\u00a0\u00bb0px|||\u00a0\u00bb always_center_on_mobile=\u00a0\u00bbon\u00a0\u00bb global_colors_info=\u00a0\u00bb{}\u00a0\u00bb][\/et_pb_image][\/et_pb_column][\/et_pb_row][\/et_pb_section][et_pb_section fb_built=\u00a0\u00bb1&Prime; admin_label=\u00a0\u00bbTestimonials\u00a0\u00bb _builder_version=\u00a0\u00bb4.16&Prime; background_color=\u00a0\u00bb#9e9e9e\u00a0\u00bb background_color_gradient_start=\u00a0\u00bbrgba(76,72,227,0.96)\u00a0\u00bb background_color_gradient_end=\u00a0\u00bbrgba(73,108,220,0.93)\u00a0\u00bb custom_margin=\u00a0\u00bb20px|||\u00a0\u00bb custom_padding=\u00a0\u00bb50px||50px|\u00a0\u00bb animation_style=\u00a0\u00bbfold\u00a0\u00bb animation_direction=\u00a0\u00bbbottom\u00a0\u00bb animation_intensity_fold=\u00a0\u00bb4%\u00a0\u00bb global_colors_info=\u00a0\u00bb{}\u00a0\u00bb][et_pb_row column_structure=\u00a0\u00bb1_4,1_4,1_4,1_4&Prime; _builder_version=\u00a0\u00bb4.16&Prime; background_size=\u00a0\u00bbinitial\u00a0\u00bb background_position=\u00a0\u00bbtop_left\u00a0\u00bb background_repeat=\u00a0\u00bbrepeat\u00a0\u00bb custom_margin=\u00a0\u00bb10px||10px|\u00a0\u00bb custom_padding=\u00a0\u00bb0px||0px|\u00a0\u00bb custom_width_px=\u00a0\u00bb710px\u00a0\u00bb locked=\u00a0\u00bboff\u00a0\u00bb global_colors_info=\u00a0\u00bb{}\u00a0\u00bb][et_pb_column type=\u00a0\u00bb1_4&Prime; _builder_version=\u00a0\u00bb4.16&Prime; background_position=\u00a0\u00bbtop_left\u00a0\u00bb custom_padding=\u00a0\u00bb|||\u00a0\u00bb global_colors_info=\u00a0\u00bb{}\u00a0\u00bb custom_padding__hover=\u00a0\u00bb|||\u00a0\u00bb][\/et_pb_column][et_pb_column type=\u00a0\u00bb1_4&Prime; _builder_version=\u00a0\u00bb4.16&Prime; custom_padding=\u00a0\u00bb|||\u00a0\u00bb global_colors_info=\u00a0\u00bb{}\u00a0\u00bb custom_padding__hover=\u00a0\u00bb|||\u00a0\u00bb][et_pb_text admin_label=\u00a0\u00bbFAQ Section Title\u00a0\u00bb _builder_version=\u00a0\u00bb4.16&Prime; text_font=\u00a0\u00bbOswald|600|||||||\u00a0\u00bb header_font=\u00a0\u00bbOswald|500|||||||\u00a0\u00bb header_text_align=\u00a0\u00bbleft\u00a0\u00bb header_text_color=\u00a0\u00bb#ffffff\u00a0\u00bb header_font_size=\u00a0\u00bb22&Prime; background_layout=\u00a0\u00bbdark\u00a0\u00bb max_width=\u00a0\u00bb710px\u00a0\u00bb module_alignment=\u00a0\u00bbleft\u00a0\u00bb custom_margin=\u00a0\u00bb|0px|0px|\u00a0\u00bb custom_padding=\u00a0\u00bb|0px|0px|0px\u00a0\u00bb animation_style=\u00a0\u00bbfold\u00a0\u00bb animation_direction=\u00a0\u00bbbottom\u00a0\u00bb animation_intensity_fold=\u00a0\u00bb20%\u00a0\u00bb global_colors_info=\u00a0\u00bb{}\u00a0\u00bb]<\/p>\n<h1>Installations<\/h1>\n<p>[\/et_pb_text][et_pb_video src=\u00a0\u00bbhttps:\/\/larreno.com\/wp-content\/uploads\/2018\/10\/Instalaciones-Larreno.m4v\u00a0\u00bb _builder_version=\u00a0\u00bb4.16&Prime; global_colors_info=\u00a0\u00bb{}\u00a0\u00bb][\/et_pb_video][\/et_pb_column][et_pb_column type=\u00a0\u00bb1_4&Prime; _builder_version=\u00a0\u00bb4.16&Prime; custom_padding=\u00a0\u00bb|||\u00a0\u00bb global_colors_info=\u00a0\u00bb{}\u00a0\u00bb custom_padding__hover=\u00a0\u00bb|||\u00a0\u00bb][et_pb_text admin_label=\u00a0\u00bbFAQ Section Title\u00a0\u00bb _builder_version=\u00a0\u00bb4.16&Prime; text_font=\u00a0\u00bbOswald|700|||||||\u00a0\u00bb header_font=\u00a0\u00bbOswald|500|||||||\u00a0\u00bb header_text_align=\u00a0\u00bbleft\u00a0\u00bb header_text_color=\u00a0\u00bb#ffffff\u00a0\u00bb header_font_size=\u00a0\u00bb22&Prime; background_layout=\u00a0\u00bbdark\u00a0\u00bb max_width=\u00a0\u00bb710px\u00a0\u00bb module_alignment=\u00a0\u00bbleft\u00a0\u00bb custom_margin=\u00a0\u00bb||0px|\u00a0\u00bb custom_padding=\u00a0\u00bb||0px|\u00a0\u00bb animation_style=\u00a0\u00bbfold\u00a0\u00bb animation_direction=\u00a0\u00bbbottom\u00a0\u00bb animation_intensity_fold=\u00a0\u00bb20%\u00a0\u00bb global_colors_info=\u00a0\u00bb{}\u00a0\u00bb]<\/p>\n<h1>Soudure<\/h1>\n<p>[\/et_pb_text][et_pb_video src=\u00a0\u00bbhttps:\/\/larreno.com\/wp-content\/uploads\/2018\/10\/Soldadura.m4v\u00a0\u00bb _builder_version=\u00a0\u00bb4.16&Prime; global_colors_info=\u00a0\u00bb{}\u00a0\u00bb][\/et_pb_video][\/et_pb_column][et_pb_column type=\u00a0\u00bb1_4&Prime; _builder_version=\u00a0\u00bb4.16&Prime; custom_padding=\u00a0\u00bb|||\u00a0\u00bb global_colors_info=\u00a0\u00bb{}\u00a0\u00bb custom_padding__hover=\u00a0\u00bb|||\u00a0\u00bb][\/et_pb_column][\/et_pb_row][\/et_pb_section][et_pb_section fb_built=\u00a0\u00bb1&Prime; _builder_version=\u00a0\u00bb4.16&Prime; background_color=\u00a0\u00bbrgba(48,48,48,0.87)\u00a0\u00bb custom_margin=\u00a0\u00bb||0px|\u00a0\u00bb custom_padding=\u00a0\u00bb||0px|\u00a0\u00bb global_colors_info=\u00a0\u00bb{}\u00a0\u00bb][et_pb_row column_structure=\u00a0\u00bb1_3,2_3&Prime; _builder_version=\u00a0\u00bb4.16&Prime; custom_margin=\u00a0\u00bb0px|||\u00a0\u00bb custom_padding=\u00a0\u00bb0px|||\u00a0\u00bb global_colors_info=\u00a0\u00bb{}\u00a0\u00bb][et_pb_column type=\u00a0\u00bb1_3&Prime; _builder_version=\u00a0\u00bb4.16&Prime; custom_padding=\u00a0\u00bb|||\u00a0\u00bb global_colors_info=\u00a0\u00bb{}\u00a0\u00bb custom_padding__hover=\u00a0\u00bb|||\u00a0\u00bb][et_pb_text _builder_version=\u00a0\u00bb4.16&Prime; background_layout=\u00a0\u00bbdark\u00a0\u00bb global_colors_info=\u00a0\u00bb{}\u00a0\u00bb]<strong>LARRENO S.L.<br \/>\n<\/strong>EMBOUTISSAGE, MONTAGE et SOUDURE<strong><br \/>\n<\/strong><br \/>\nPolygone Industriel BOROA, 17<br \/>\n48340 AMOREBIETA-ETXANO (BIZKAIA)<br \/>\nTel. +34 &#8211; 94 620 01 01<br \/>\nFax. +34 &#8211; 94 621 51 35<\/p>\n<p>Courriel du Sce. Commercial: <a href=\"mailto:comercial@larreno.com\">comercial@larreno.com<\/a><br \/>\n[\/et_pb_text][\/et_pb_column][et_pb_column type=\u00a0\u00bb2_3&Prime; _builder_version=\u00a0\u00bb4.16&Prime; custom_padding=\u00a0\u00bb|||\u00a0\u00bb global_colors_info=\u00a0\u00bb{}\u00a0\u00bb custom_padding__hover=\u00a0\u00bb|||\u00a0\u00bb][et_pb_image src=\u00a0\u00bbhttps:\/\/larreno.com\/wp-content\/uploads\/2025\/02\/google-larreno.-peq-1.gif\u00a0\u00bb title_text=\u00a0\u00bbgoogle-larreno.-peq\u00a0\u00bb url=\u00a0\u00bbhttps:\/\/www.google.es\/maps\/place\/LARRENO+Estampaci%C3%B3n+de+Piezas+Met%C3%A1licas\/@43.2339743,-2.7586639,246m\/data=!3m1!1e3!4m6!3m5!1s0xd4e37895e514eaf:0x11218408053056f6!8m2!3d43.2339704!4d-2.7580202!16s%2Fg%2F11xddn1lv?hl=es&#038;entry=ttu&#038;g_ep=EgoyMDI0MDkxMS4wIKXMDSoASAFQAw%3D%3D\u00a0\u00bb _builder_version=\u00a0\u00bb4.27.4&Prime; _module_preset=\u00a0\u00bbdefault\u00a0\u00bb width=\u00a0\u00bb19.3%\u00a0\u00bb max_width=\u00a0\u00bb50%\u00a0\u00bb custom_padding=\u00a0\u00bb|36px||||\u00a0\u00bb locked=\u00a0\u00bboff\u00a0\u00bb global_colors_info=\u00a0\u00bb{}\u00a0\u00bb][\/et_pb_image][\/et_pb_column][\/et_pb_row][\/et_pb_section]<\/p>\n","protected":false},"excerpt":{"rendered":"<p>MOYENS TECHNIQUES Nous disposons d\u2019un grand parc machines avec des presses m\u00e9caniques et hydrauliques pouvant aller jusqu\u2019\u00e0 1.800tn ainsi que d\u2019une \u00e9quipe qualifi\u00e9e, qui nous permettent d\u2019\u00eatre des pionniers dans un secteur hautement comp\u00e9titif, offrant \u00e0 nos clients de grandes possibilit\u00e9s techniques. Ci-dessous, les caract\u00e9ristiques techniques de chaque presse et leurs dimensions: PRESSES\u2022 FAGOR LE4-1000-5000-2200 [&hellip;]<\/p>\n","protected":false},"author":2,"featured_media":0,"parent":0,"menu_order":0,"comment_status":"closed","ping_status":"closed","template":"","meta":{"_et_pb_use_builder":"on","_et_pb_old_content":"","_et_gb_content_width":""},"_links":{"self":[{"href":"https:\/\/larreno.com\/fr\/wp-json\/wp\/v2\/pages\/1620"}],"collection":[{"href":"https:\/\/larreno.com\/fr\/wp-json\/wp\/v2\/pages"}],"about":[{"href":"https:\/\/larreno.com\/fr\/wp-json\/wp\/v2\/types\/page"}],"author":[{"embeddable":true,"href":"https:\/\/larreno.com\/fr\/wp-json\/wp\/v2\/users\/2"}],"replies":[{"embeddable":true,"href":"https:\/\/larreno.com\/fr\/wp-json\/wp\/v2\/comments?post=1620"}],"version-history":[{"count":17,"href":"https:\/\/larreno.com\/fr\/wp-json\/wp\/v2\/pages\/1620\/revisions"}],"predecessor-version":[{"id":3764,"href":"https:\/\/larreno.com\/fr\/wp-json\/wp\/v2\/pages\/1620\/revisions\/3764"}],"wp:attachment":[{"href":"https:\/\/larreno.com\/fr\/wp-json\/wp\/v2\/media?parent=1620"}],"curies":[{"name":"wp","href":"https:\/\/api.w.org\/{rel}","templated":true}]}}