{"id":1967,"date":"2018-10-21T17:02:51","date_gmt":"2018-10-21T17:02:51","guid":{"rendered":"https:\/\/larreno.com\/?page_id=1967"},"modified":"2025-02-04T12:39:30","modified_gmt":"2025-02-04T12:39:30","slug":"produkte","status":"publish","type":"page","link":"https:\/\/larreno.com\/de\/produkte\/","title":{"rendered":"PRODUKTE"},"content":{"rendered":"<p>[et_pb_section fb_built=&#8220;1&#8243; admin_label=&#8220;FAQ&#8220; _builder_version=&#8220;4.16&#8243; custom_padding=&#8220;15px|0px|15px|0px&#8220; global_colors_info=&#8220;{}&#8220;][et_pb_row _builder_version=&#8220;4.16&#8243; background_size=&#8220;initial&#8220; background_position=&#8220;top_left&#8220; background_repeat=&#8220;repeat&#8220; custom_margin=&#8220;||0px|&#8220; custom_padding=&#8220;49px|0px|0px|0px|false|false&#8220; custom_width_px=&#8220;710px&#8220; global_colors_info=&#8220;{}&#8220;][et_pb_column type=&#8220;4_4&#8243; _builder_version=&#8220;4.16&#8243; background_position=&#8220;top_left&#8220; custom_padding=&#8220;|||&#8220; global_colors_info=&#8220;{}&#8220; custom_padding__hover=&#8220;|||&#8220;][et_pb_text admin_label=&#8220;FAQ Section Title&#8220; _builder_version=&#8220;4.16&#8243; header_font=&#8220;Oswald||||||||&#8220; header_text_align=&#8220;left&#8220; header_text_color=&#8220;#1f1f1f&#8220; header_font_size=&#8220;30&#8243; max_width=&#8220;710px&#8220; module_alignment=&#8220;left&#8220; custom_margin=&#8220;||5px|&#8220; custom_padding=&#8220;||5px|&#8220; animation_style=&#8220;fold&#8220; animation_direction=&#8220;bottom&#8220; animation_intensity_fold=&#8220;20%&#8220; global_colors_info=&#8220;{}&#8220;]<\/p>\n<h1>PRODUKTE<\/h1>\n<p>[\/et_pb_text][et_pb_divider color=&#8220;#000000&#8243; _builder_version=&#8220;4.16&#8243; global_colors_info=&#8220;{}&#8220;][\/et_pb_divider][et_pb_text _builder_version=&#8220;4.16&#8243; custom_margin=&#8220;||0px|&#8220; global_colors_info=&#8220;{}&#8220;]<\/p>\n<p class=\"p1\">In Larreno S.L. <strong>k\u00f6nnen wir Stanzteile aus Metall mit hohen technischen Anforderungen von kleinen bis Mittelgr\u00f6\u00dfen herstellen.<\/strong> Dank unserer gro\u00dfen Flexibilit\u00e4t k\u00f6nnen wir uns auf verschiedene Produktion Serien<span class=\"Apple-converted-space\">\u00a0 <\/span>einstellen sowie<span class=\"Apple-converted-space\">\u00a0 <\/span>verschiedene Material Qualit\u00e4ten uns St\u00e4rken stanzen. Dann finden Sie Muster von verschiedene Teile, die wir<span class=\"Apple-converted-space\">\u00a0 <\/span>f\u00fcr die Branchen, Automotive, Bauwesen, Telekommunikation und Wei\u00dfe Linie.<\/p>\n<p>[\/et_pb_text][\/et_pb_column][\/et_pb_row][et_pb_row column_structure=&#8220;1_3,1_3,1_3&#8243; _builder_version=&#8220;4.16&#8243; custom_margin=&#8220;||0px|&#8220; custom_padding=&#8220;64px|0px|81px|0px|false|false&#8220; global_colors_info=&#8220;{}&#8220;][et_pb_column type=&#8220;1_3&#8243; _builder_version=&#8220;4.16&#8243; custom_padding=&#8220;|||&#8220; global_colors_info=&#8220;{}&#8220; custom_padding__hover=&#8220;|||&#8220;][et_pb_slider show_arrows=&#8220;off&#8220; show_pagination=&#8220;off&#8220; _builder_version=&#8220;4.16&#8243; header_text_color=&#8220;#edf000&#8243; header_font_size=&#8220;40&#8243; body_text_color=&#8220;#edf000&#8243; body_font_size=&#8220;40&#8243; button_icon=&#8220;&#x35;||divi||400&#8243; custom_margin=&#8220;0px||0px|&#8220; animation_style=&#8220;slide&#8220; link_option_url=&#8220;https:\/\/larreno.com\/de\/produkte\/klein-teile&#8220; header_font_size_tablet=&#8220;35&#8243; header_font_size_phone=&#8220;30&#8243; header_font_size_last_edited=&#8220;on|phone&#8220; body_font_size_tablet=&#8220;35&#8243; body_font_size_phone=&#8220;30&#8243; body_font_size_last_edited=&#8220;on|desktop&#8220; body_text_shadow_style=&#8220;preset1&#8243; global_colors_info=&#8220;{}&#8220; button_text_size__hover_enabled=&#8220;off&#8220; button_text_size__hover=&#8220;null&#8220; button_one_text_size__hover_enabled=&#8220;off&#8220; button_one_text_size__hover=&#8220;null&#8220; button_two_text_size__hover_enabled=&#8220;off&#8220; button_two_text_size__hover=&#8220;null&#8220; button_text_color__hover_enabled=&#8220;on&#8220; button_text_color__hover=&#8220;#e02b20&#8243; button_one_text_color__hover_enabled=&#8220;off&#8220; button_one_text_color__hover=&#8220;null&#8220; button_two_text_color__hover_enabled=&#8220;off&#8220; button_two_text_color__hover=&#8220;null&#8220; button_border_width__hover_enabled=&#8220;off&#8220; button_border_width__hover=&#8220;null&#8220; button_one_border_width__hover_enabled=&#8220;off&#8220; button_one_border_width__hover=&#8220;null&#8220; button_two_border_width__hover_enabled=&#8220;off&#8220; button_two_border_width__hover=&#8220;null&#8220; button_border_color__hover_enabled=&#8220;off&#8220; button_border_color__hover=&#8220;null&#8220; button_one_border_color__hover_enabled=&#8220;off&#8220; button_one_border_color__hover=&#8220;null&#8220; button_two_border_color__hover_enabled=&#8220;off&#8220; button_two_border_color__hover=&#8220;null&#8220; button_border_radius__hover_enabled=&#8220;off&#8220; button_border_radius__hover=&#8220;null&#8220; button_one_border_radius__hover_enabled=&#8220;off&#8220; button_one_border_radius__hover=&#8220;null&#8220; button_two_border_radius__hover_enabled=&#8220;off&#8220; button_two_border_radius__hover=&#8220;null&#8220; button_letter_spacing__hover_enabled=&#8220;off&#8220; button_letter_spacing__hover=&#8220;null&#8220; button_one_letter_spacing__hover_enabled=&#8220;off&#8220; button_one_letter_spacing__hover=&#8220;null&#8220; button_two_letter_spacing__hover_enabled=&#8220;off&#8220; button_two_letter_spacing__hover=&#8220;null&#8220; button_bg_color__hover_enabled=&#8220;on&#8220; button_bg_color__hover=&#8220;#e09900&#8243; button_one_bg_color__hover_enabled=&#8220;off&#8220; button_one_bg_color__hover=&#8220;null&#8220; button_two_bg_color__hover_enabled=&#8220;off&#8220; button_two_bg_color__hover=&#8220;null&#8220;][et_pb_slide heading=&#8220;Klein Teile&#8220; button_link=&#8220;https:\/\/larreno.com\/de\/produkte\/klein-teile&#8220; use_bg_overlay=&#8220;off&#8220; use_text_overlay=&#8220;off&#8220; _builder_version=&#8220;4.16&#8243; header_font=&#8220;Oswald|500|||||||&#8220; header_text_color=&#8220;#ffffff&#8220; header_font_size=&#8220;38&#8243; body_font=&#8220;Oswald||||||||&#8220; body_text_color=&#8220;#ffffff&#8220; body_font_size=&#8220;24&#8243; background_color=&#8220;rgba(224,224,224,0)&#8220; background_image=&#8220;https:\/\/larreno.com\/wp-content\/uploads\/2018\/10\/pieza-pequena-gris-valida.jpg&#8220; background_size=&#8220;contain&#8220; custom_button=&#8220;on&#8220; button_text_color=&#8220;#ffffff&#8220; button_bg_color=&#8220;#e02b20&#8243; button_use_icon=&#8220;on&#8220; button_icon_color=&#8220;#ffffff&#8220; button_on_hover=&#8220;off&#8220; button_alignment=&#8220;right&#8220; text_orientation=&#8220;left&#8220; custom_padding_tablet=&#8220;15px|15px|15px|15px&#8220; custom_padding_phone=&#8220;15px|15px|15px|15px&#8220; header_font_size_tablet=&#8220;55&#8243; header_font_size_phone=&#8220;55&#8243; body_font_size_tablet=&#8220;22&#8243; body_font_size_phone=&#8220;22&#8243; body_text_shadow_style=&#8220;preset1&#8243; button_text_color_hover=&#8220;#edf000&#8243; button_bg_color_hover=&#8220;#e02b20&#8243; global_colors_info=&#8220;{}&#8220; sticky_transition=&#8220;on&#8220;]<a href=\"https:\/\/larreno.com\/de\/produkte\/klein-teile\">Bis zu 800Tn der Maschine<\/a><br \/>\n[\/et_pb_slide][\/et_pb_slider][\/et_pb_column][et_pb_column type=&#8220;1_3&#8243; _builder_version=&#8220;4.16&#8243; custom_padding=&#8220;|||&#8220; global_colors_info=&#8220;{}&#8220; custom_padding__hover=&#8220;|||&#8220;][et_pb_slider show_arrows=&#8220;off&#8220; show_pagination=&#8220;off&#8220; _builder_version=&#8220;4.16&#8243; header_text_color=&#8220;#edf000&#8243; body_text_color=&#8220;#edf000&#8243; button_icon=&#8220;&#x35;||divi||400&#8243; custom_margin=&#8220;0px||0px|&#8220; animation_style=&#8220;slide&#8220; link_option_url=&#8220;https:\/\/larreno.com\/de\/produkte\/grosse-teile&#8220; text_shadow_style=&#8220;preset1&#8243; global_colors_info=&#8220;{}&#8220; button_text_size__hover_enabled=&#8220;off&#8220; button_text_size__hover=&#8220;null&#8220; button_one_text_size__hover_enabled=&#8220;off&#8220; button_one_text_size__hover=&#8220;null&#8220; button_two_text_size__hover_enabled=&#8220;off&#8220; button_two_text_size__hover=&#8220;null&#8220; button_text_color__hover_enabled=&#8220;on&#8220; button_text_color__hover=&#8220;#e02b20&#8243; button_one_text_color__hover_enabled=&#8220;off&#8220; button_one_text_color__hover=&#8220;null&#8220; button_two_text_color__hover_enabled=&#8220;off&#8220; button_two_text_color__hover=&#8220;null&#8220; button_border_width__hover_enabled=&#8220;off&#8220; button_border_width__hover=&#8220;null&#8220; button_one_border_width__hover_enabled=&#8220;off&#8220; button_one_border_width__hover=&#8220;null&#8220; button_two_border_width__hover_enabled=&#8220;off&#8220; button_two_border_width__hover=&#8220;null&#8220; button_border_color__hover_enabled=&#8220;off&#8220; button_border_color__hover=&#8220;null&#8220; button_one_border_color__hover_enabled=&#8220;off&#8220; button_one_border_color__hover=&#8220;null&#8220; button_two_border_color__hover_enabled=&#8220;off&#8220; button_two_border_color__hover=&#8220;null&#8220; button_border_radius__hover_enabled=&#8220;off&#8220; button_border_radius__hover=&#8220;null&#8220; button_one_border_radius__hover_enabled=&#8220;off&#8220; button_one_border_radius__hover=&#8220;null&#8220; button_two_border_radius__hover_enabled=&#8220;off&#8220; button_two_border_radius__hover=&#8220;null&#8220; button_letter_spacing__hover_enabled=&#8220;off&#8220; button_letter_spacing__hover=&#8220;null&#8220; button_one_letter_spacing__hover_enabled=&#8220;off&#8220; button_one_letter_spacing__hover=&#8220;null&#8220; button_two_letter_spacing__hover_enabled=&#8220;off&#8220; button_two_letter_spacing__hover=&#8220;null&#8220; button_bg_color__hover_enabled=&#8220;on&#8220; button_bg_color__hover=&#8220;#e09900&#8243; button_one_bg_color__hover_enabled=&#8220;off&#8220; button_one_bg_color__hover=&#8220;null&#8220; button_two_bg_color__hover_enabled=&#8220;off&#8220; button_two_bg_color__hover=&#8220;null&#8220;][et_pb_slide heading=&#8220;Grosse Teile&#8220; button_link=&#8220;https:\/\/larreno.com\/de\/produkte\/grosse-teile&#8220; use_bg_overlay=&#8220;off&#8220; use_text_overlay=&#8220;off&#8220; _builder_version=&#8220;4.16&#8243; header_font=&#8220;Oswald|500|||||||&#8220; header_text_color=&#8220;#ffffff&#8220; header_font_size=&#8220;38&#8243; body_font=&#8220;Oswald||||||||&#8220; body_text_color=&#8220;#ffffff&#8220; body_font_size=&#8220;24&#8243; background_color=&#8220;rgba(224,224,224,0)&#8220; background_image=&#8220;https:\/\/larreno.com\/wp-content\/uploads\/2018\/10\/Piezas-grandes-roja-valida-2.jpg&#8220; background_size=&#8220;contain&#8220; button_icon_color=&#8220;#ffffff&#8220; button_on_hover=&#8220;off&#8220; button_alignment=&#8220;right&#8220; text_orientation=&#8220;left&#8220; header_font_size_tablet=&#8220;55&#8243; header_font_size_phone=&#8220;55&#8243; body_font_size_tablet=&#8220;22&#8243; body_font_size_phone=&#8220;22&#8243; body_text_shadow_style=&#8220;preset1&#8243; button_text_color_hover=&#8220;#edf000&#8243; button_bg_color_hover=&#8220;#e02b20&#8243; global_colors_info=&#8220;{}&#8220; sticky_transition=&#8220;on&#8220;]<a href=\"https:\/\/larreno.com\/de\/produkte\/grosse-teile\">Bis zu 800Tn der Maschine<\/a><br \/>\n[\/et_pb_slide][\/et_pb_slider][\/et_pb_column][et_pb_column type=&#8220;1_3&#8243; _builder_version=&#8220;4.16&#8243; custom_padding=&#8220;|||&#8220; global_colors_info=&#8220;{}&#8220; custom_padding__hover=&#8220;|||&#8220;][et_pb_slider show_arrows=&#8220;off&#8220; show_pagination=&#8220;off&#8220; _builder_version=&#8220;4.16&#8243; header_text_color=&#8220;#edf000&#8243; body_text_color=&#8220;#edf000&#8243; custom_button=&#8220;on&#8220; button_text_color=&#8220;#e02b20&#8243; button_border_width=&#8220;0&#8243; button_use_icon=&#8220;off&#8220; custom_margin=&#8220;0px||0px|&#8220; animation_style=&#8220;slide&#8220; link_option_url=&#8220;https:\/\/larreno.com\/de\/produkte\/schweissen&#8220; text_shadow_style=&#8220;preset1&#8243; global_colors_info=&#8220;{}&#8220; button_text_size__hover_enabled=&#8220;off&#8220; button_text_size__hover=&#8220;null&#8220; button_one_text_size__hover_enabled=&#8220;off&#8220; button_one_text_size__hover=&#8220;null&#8220; button_two_text_size__hover_enabled=&#8220;off&#8220; button_two_text_size__hover=&#8220;null&#8220; button_text_color__hover_enabled=&#8220;on&#8220; button_text_color__hover=&#8220;#e02b20&#8243; button_one_text_color__hover_enabled=&#8220;off&#8220; button_one_text_color__hover=&#8220;null&#8220; button_two_text_color__hover_enabled=&#8220;off&#8220; button_two_text_color__hover=&#8220;null&#8220; button_border_width__hover_enabled=&#8220;off&#8220; button_border_width__hover=&#8220;null&#8220; button_one_border_width__hover_enabled=&#8220;off&#8220; button_one_border_width__hover=&#8220;null&#8220; button_two_border_width__hover_enabled=&#8220;off&#8220; button_two_border_width__hover=&#8220;null&#8220; button_border_color__hover_enabled=&#8220;off&#8220; button_border_color__hover=&#8220;null&#8220; button_one_border_color__hover_enabled=&#8220;off&#8220; button_one_border_color__hover=&#8220;null&#8220; button_two_border_color__hover_enabled=&#8220;off&#8220; button_two_border_color__hover=&#8220;null&#8220; button_border_radius__hover_enabled=&#8220;off&#8220; button_border_radius__hover=&#8220;null&#8220; button_one_border_radius__hover_enabled=&#8220;off&#8220; button_one_border_radius__hover=&#8220;null&#8220; button_two_border_radius__hover_enabled=&#8220;off&#8220; button_two_border_radius__hover=&#8220;null&#8220; button_letter_spacing__hover_enabled=&#8220;off&#8220; button_letter_spacing__hover=&#8220;null&#8220; button_one_letter_spacing__hover_enabled=&#8220;off&#8220; button_one_letter_spacing__hover=&#8220;null&#8220; button_two_letter_spacing__hover_enabled=&#8220;off&#8220; button_two_letter_spacing__hover=&#8220;null&#8220; button_bg_color__hover_enabled=&#8220;on&#8220; button_bg_color__hover=&#8220;#e09900&#8243; button_one_bg_color__hover_enabled=&#8220;off&#8220; button_one_bg_color__hover=&#8220;null&#8220; button_two_bg_color__hover_enabled=&#8220;off&#8220; button_two_bg_color__hover=&#8220;null&#8220;][et_pb_slide heading=&#8220;Schweissen&#8220; button_link=&#8220;https:\/\/larreno.com\/de\/produkte\/schweissen&#8220; use_bg_overlay=&#8220;off&#8220; use_text_overlay=&#8220;off&#8220; _builder_version=&#8220;4.16&#8243; header_font=&#8220;Oswald|500|||||||&#8220; header_text_color=&#8220;#ffffff&#8220; header_font_size=&#8220;37&#8243; body_font=&#8220;Oswald||||||||&#8220; body_text_color=&#8220;#ffffff&#8220; body_font_size=&#8220;24&#8243; background_color=&#8220;rgba(224,224,224,0)&#8220; background_image=&#8220;https:\/\/larreno.com\/wp-content\/uploads\/2018\/10\/Soldadura-gris-valida.jpg&#8220; background_size=&#8220;contain&#8220; custom_button=&#8220;on&#8220; button_text_color=&#8220;#ffffff&#8220; button_bg_color=&#8220;#e02b20&#8243; button_use_icon=&#8220;on&#8220; button_icon_color=&#8220;#ffffff&#8220; button_on_hover=&#8220;off&#8220; button_alignment=&#8220;right&#8220; text_orientation=&#8220;left&#8220; header_font_size_tablet=&#8220;55&#8243; header_font_size_phone=&#8220;55&#8243; body_font_size_tablet=&#8220;22&#8243; body_font_size_phone=&#8220;22&#8243; body_text_shadow_style=&#8220;preset1&#8243; button_text_color_hover=&#8220;#edf000&#8243; button_bg_color_hover=&#8220;#e02b20&#8243; global_colors_info=&#8220;{}&#8220; sticky_transition=&#8220;on&#8220;]<a href=\"https:\/\/larreno.com\/de\/produkte\/schweissen\">und Matrizenbau<\/a><br \/>\n[\/et_pb_slide][\/et_pb_slider][\/et_pb_column][\/et_pb_row][\/et_pb_section][et_pb_section fb_built=&#8220;1&#8243; admin_label=&#8220;FAQ&#8220; _builder_version=&#8220;4.16&#8243; custom_margin=&#8220;0px|||&#8220; custom_padding=&#8220;15px|0px|15px|0px&#8220; global_colors_info=&#8220;{}&#8220;][et_pb_row _builder_version=&#8220;4.16&#8243; background_size=&#8220;initial&#8220; background_position=&#8220;top_left&#8220; background_repeat=&#8220;repeat&#8220; module_alignment=&#8220;center&#8220; custom_margin=&#8220;0px|||&#8220; custom_padding=&#8220;0px||0px|&#8220; custom_width_px=&#8220;710px&#8220; global_colors_info=&#8220;{}&#8220;][et_pb_column type=&#8220;4_4&#8243; _builder_version=&#8220;4.16&#8243; background_position=&#8220;top_left&#8220; custom_padding=&#8220;|||&#8220; global_colors_info=&#8220;{}&#8220; custom_padding__hover=&#8220;|||&#8220;][et_pb_text admin_label=&#8220;FAQ Section Title&#8220; _builder_version=&#8220;4.16&#8243; text_font=&#8220;Oswald|500|||||||&#8220; text_text_color=&#8220;#af1616&#8243; text_font_size=&#8220;35&#8243; header_font=&#8220;Oswald||||||||&#8220; header_text_align=&#8220;left&#8220; header_text_color=&#8220;#444444&#8243; max_width=&#8220;710px&#8220; module_alignment=&#8220;left&#8220; custom_margin=&#8220;0px||15px|&#8220; custom_padding=&#8220;||5px|&#8220; animation_style=&#8220;fold&#8220; animation_direction=&#8220;bottom&#8220; animation_intensity_fold=&#8220;20%&#8220; global_colors_info=&#8220;{}&#8220;]Grosse Teile<br \/>\n[\/et_pb_text][et_pb_divider color=&#8220;#000000&#8243; _builder_version=&#8220;4.16&#8243; global_colors_info=&#8220;{}&#8220;][\/et_pb_divider][et_pb_gallery gallery_ids=&#8220;1386,1387,1388,1389,1390,1391,1392,1393,1394,1395,1396,1397,1398&#8243; posts_number=&#8220;200&#8243; _builder_version=&#8220;4.16&#8243; title_text_align=&#8220;center&#8220; title_font_size=&#8220;13&#8243; caption_font_size=&#8220;13&#8243; caption_line_height=&#8220;13&#8243; text_orientation=&#8220;center&#8220; pagination_font_size_tablet=&#8220;51&#8243; pagination_line_height_tablet=&#8220;2&#8243; global_colors_info=&#8220;{}&#8220;][\/et_pb_gallery][et_pb_divider color=&#8220;#000000&#8243; _builder_version=&#8220;4.16&#8243; global_colors_info=&#8220;{}&#8220;][\/et_pb_divider][\/et_pb_column][\/et_pb_row][\/et_pb_section][et_pb_section fb_built=&#8220;1&#8243; admin_label=&#8220;Testimonials&#8220; _builder_version=&#8220;4.16&#8243; background_color=&#8220;#9e9e9e&#8220; custom_margin=&#8220;20px|||&#8220; custom_padding=&#8220;50px||50px|&#8220; animation_style=&#8220;fold&#8220; animation_direction=&#8220;bottom&#8220; animation_intensity_fold=&#8220;4%&#8220; global_colors_info=&#8220;{}&#8220;][et_pb_row column_structure=&#8220;1_4,1_4,1_4,1_4&#8243; _builder_version=&#8220;4.16&#8243; background_size=&#8220;initial&#8220; background_position=&#8220;top_left&#8220; background_repeat=&#8220;repeat&#8220; custom_margin=&#8220;10px||10px|&#8220; custom_padding=&#8220;0px||0px|&#8220; custom_width_px=&#8220;710px&#8220; locked=&#8220;off&#8220; global_colors_info=&#8220;{}&#8220;][et_pb_column type=&#8220;1_4&#8243; _builder_version=&#8220;4.16&#8243; background_position=&#8220;top_left&#8220; custom_padding=&#8220;|||&#8220; global_colors_info=&#8220;{}&#8220; custom_padding__hover=&#8220;|||&#8220;][\/et_pb_column][et_pb_column type=&#8220;1_4&#8243; _builder_version=&#8220;4.16&#8243; custom_padding=&#8220;|||&#8220; global_colors_info=&#8220;{}&#8220; custom_padding__hover=&#8220;|||&#8220;][et_pb_text admin_label=&#8220;FAQ Section Title&#8220; _builder_version=&#8220;4.16&#8243; text_font=&#8220;Oswald|600|||||||&#8220; header_font=&#8220;Oswald|500|||||||&#8220; header_text_align=&#8220;left&#8220; header_text_color=&#8220;#ffffff&#8220; header_font_size=&#8220;22&#8243; background_layout=&#8220;dark&#8220; max_width=&#8220;710px&#8220; module_alignment=&#8220;left&#8220; custom_margin=&#8220;|0px|0px|&#8220; custom_padding=&#8220;|0px|0px|0px&#8220; animation_style=&#8220;fold&#8220; animation_direction=&#8220;bottom&#8220; animation_intensity_fold=&#8220;20%&#8220; global_colors_info=&#8220;{}&#8220;]<\/p>\n<h1>Anlagen<\/h1>\n<p>[\/et_pb_text][et_pb_video src=&#8220;https:\/\/larreno.com\/wp-content\/uploads\/2018\/10\/Instalaciones-Larreno.m4v&#8220; _builder_version=&#8220;4.16&#8243; global_colors_info=&#8220;{}&#8220;][\/et_pb_video][\/et_pb_column][et_pb_column type=&#8220;1_4&#8243; _builder_version=&#8220;4.16&#8243; custom_padding=&#8220;|||&#8220; global_colors_info=&#8220;{}&#8220; custom_padding__hover=&#8220;|||&#8220;][et_pb_text admin_label=&#8220;FAQ Section Title&#8220; _builder_version=&#8220;4.16&#8243; text_font=&#8220;Oswald|700|||||||&#8220; header_font=&#8220;Oswald|500|||||||&#8220; header_text_align=&#8220;left&#8220; header_text_color=&#8220;#ffffff&#8220; header_font_size=&#8220;22&#8243; background_layout=&#8220;dark&#8220; max_width=&#8220;710px&#8220; module_alignment=&#8220;left&#8220; custom_margin=&#8220;||0px|&#8220; custom_padding=&#8220;||0px|&#8220; animation_style=&#8220;fold&#8220; animation_direction=&#8220;bottom&#8220; animation_intensity_fold=&#8220;20%&#8220; global_colors_info=&#8220;{}&#8220;]<\/p>\n<h1>Fertigung<\/h1>\n<p>[\/et_pb_text][et_pb_video src=&#8220;https:\/\/larreno.com\/wp-content\/uploads\/2018\/10\/Soldadura.m4v&#8220; _builder_version=&#8220;4.16&#8243; global_colors_info=&#8220;{}&#8220;][\/et_pb_video][\/et_pb_column][et_pb_column type=&#8220;1_4&#8243; _builder_version=&#8220;4.16&#8243; custom_padding=&#8220;|||&#8220; global_colors_info=&#8220;{}&#8220; custom_padding__hover=&#8220;|||&#8220;][\/et_pb_column][\/et_pb_row][\/et_pb_section][et_pb_section fb_built=&#8220;1&#8243; _builder_version=&#8220;4.16&#8243; background_color=&#8220;rgba(48,48,48,0.87)&#8220; custom_margin=&#8220;||0px|&#8220; custom_padding=&#8220;||0px|&#8220; global_colors_info=&#8220;{}&#8220;][et_pb_row column_structure=&#8220;1_3,2_3&#8243; _builder_version=&#8220;4.16&#8243; custom_margin=&#8220;0px|||&#8220; custom_padding=&#8220;0px|||&#8220; global_colors_info=&#8220;{}&#8220;][et_pb_column type=&#8220;1_3&#8243; _builder_version=&#8220;4.16&#8243; custom_padding=&#8220;|||&#8220; global_colors_info=&#8220;{}&#8220; custom_padding__hover=&#8220;|||&#8220;][et_pb_text _builder_version=&#8220;4.16&#8243; background_layout=&#8220;dark&#8220; global_colors_info=&#8220;{}&#8220;]<strong>LARRENO S.L.<br \/>\n<\/strong>STANZEN, MONTAGE und SCHWEISSEN<strong><br \/>\n<\/strong><br \/>\nPol\u00edgono Industrial BOROA, 17<br \/>\n48340 AMOREBIETA-ETXANO (BIZKAIA)<br \/>\nTel. +34 &#8211; 94 620 01 01<br \/>\nFax. +34 &#8211; 94 621 51 35<\/p>\n<p>Kommerzielle: <strong><a href=\"mailto:comercial@larreno.com\">comercial@larreno.com<\/a><\/strong><br \/>\n[\/et_pb_text][\/et_pb_column][et_pb_column type=&#8220;2_3&#8243; _builder_version=&#8220;4.16&#8243; custom_padding=&#8220;|||&#8220; global_colors_info=&#8220;{}&#8220; custom_padding__hover=&#8220;|||&#8220;][et_pb_image src=&#8220;https:\/\/larreno.com\/wp-content\/uploads\/2025\/02\/google-larreno.-peq-1.gif&#8220; title_text=&#8220;google-larreno.-peq&#8220; url=&#8220;https:\/\/www.google.es\/maps\/place\/LARRENO+Estampaci%C3%B3n+de+Piezas+Met%C3%A1licas\/@43.2339743,-2.7586639,246m\/data=!3m1!1e3!4m6!3m5!1s0xd4e37895e514eaf:0x11218408053056f6!8m2!3d43.2339704!4d-2.7580202!16s%2Fg%2F11xddn1lv?hl=es&#038;entry=ttu&#038;g_ep=EgoyMDI0MDkxMS4wIKXMDSoASAFQAw%3D%3D&#8220; _builder_version=&#8220;4.27.4&#8243; _module_preset=&#8220;default&#8220; width=&#8220;19.3%&#8220; max_width=&#8220;50%&#8220; custom_padding=&#8220;|36px||||&#8220; locked=&#8220;off&#8220; global_colors_info=&#8220;{}&#8220;][\/et_pb_image][\/et_pb_column][\/et_pb_row][\/et_pb_section]<\/p>\n","protected":false},"excerpt":{"rendered":"<p>PRODUKTE In Larreno S.L. k\u00f6nnen wir Stanzteile aus Metall mit hohen technischen Anforderungen von kleinen bis Mittelgr\u00f6\u00dfen herstellen. Dank unserer gro\u00dfen Flexibilit\u00e4t k\u00f6nnen wir uns auf verschiedene Produktion Serien\u00a0 einstellen sowie\u00a0 verschiedene Material Qualit\u00e4ten uns St\u00e4rken stanzen. Dann finden Sie Muster von verschiedene Teile, die wir\u00a0 f\u00fcr die Branchen, Automotive, Bauwesen, Telekommunikation und Wei\u00dfe Linie.Bis [&hellip;]<\/p>\n","protected":false},"author":2,"featured_media":0,"parent":0,"menu_order":0,"comment_status":"closed","ping_status":"closed","template":"","meta":{"_et_pb_use_builder":"on","_et_pb_old_content":"","_et_gb_content_width":""},"_links":{"self":[{"href":"https:\/\/larreno.com\/de\/wp-json\/wp\/v2\/pages\/1967"}],"collection":[{"href":"https:\/\/larreno.com\/de\/wp-json\/wp\/v2\/pages"}],"about":[{"href":"https:\/\/larreno.com\/de\/wp-json\/wp\/v2\/types\/page"}],"author":[{"embeddable":true,"href":"https:\/\/larreno.com\/de\/wp-json\/wp\/v2\/users\/2"}],"replies":[{"embeddable":true,"href":"https:\/\/larreno.com\/de\/wp-json\/wp\/v2\/comments?post=1967"}],"version-history":[{"count":30,"href":"https:\/\/larreno.com\/de\/wp-json\/wp\/v2\/pages\/1967\/revisions"}],"predecessor-version":[{"id":3743,"href":"https:\/\/larreno.com\/de\/wp-json\/wp\/v2\/pages\/1967\/revisions\/3743"}],"wp:attachment":[{"href":"https:\/\/larreno.com\/de\/wp-json\/wp\/v2\/media?parent=1967"}],"curies":[{"name":"wp","href":"https:\/\/api.w.org\/{rel}","templated":true}]}}