{"id":1918,"date":"2018-10-21T15:43:50","date_gmt":"2018-10-21T15:43:50","guid":{"rendered":"https:\/\/larreno.com\/?page_id=1918"},"modified":"2025-02-04T12:25:57","modified_gmt":"2025-02-04T12:25:57","slug":"betriebsanlagen","status":"publish","type":"page","link":"https:\/\/larreno.com\/de\/betriebsanlagen\/","title":{"rendered":"BETRIEBSANLAGEN"},"content":{"rendered":"<p>[et_pb_section fb_built=&#8220;1&#8243; admin_label=&#8220;FAQ&#8220; _builder_version=&#8220;4.16&#8243; custom_padding=&#8220;15px|0px|15px|0px&#8220; global_colors_info=&#8220;{}&#8220;][et_pb_row _builder_version=&#8220;4.16&#8243; background_size=&#8220;initial&#8220; background_position=&#8220;top_left&#8220; background_repeat=&#8220;repeat&#8220; custom_margin=&#8220;||0px|&#8220; custom_padding=&#8220;45px|0px|30px|0px&#8220; custom_width_px=&#8220;710px&#8220; global_colors_info=&#8220;{}&#8220;][et_pb_column type=&#8220;4_4&#8243; _builder_version=&#8220;4.16&#8243; background_position=&#8220;top_left&#8220; custom_padding=&#8220;|||&#8220; global_colors_info=&#8220;{}&#8220; custom_padding__hover=&#8220;|||&#8220;][et_pb_text admin_label=&#8220;FAQ Section Title&#8220; _builder_version=&#8220;4.16&#8243; header_font=&#8220;Oswald||||||||&#8220; header_text_align=&#8220;left&#8220; header_text_color=&#8220;#1f1f1f&#8220; header_font_size=&#8220;30&#8243; max_width=&#8220;710px&#8220; module_alignment=&#8220;left&#8220; custom_margin=&#8220;||5px|&#8220; custom_padding=&#8220;||5px|&#8220; animation_direction=&#8220;bottom&#8220; global_colors_info=&#8220;{}&#8220;]<\/p>\n<h1>BETRIEBSANLAGEN<\/h1>\n<p>[\/et_pb_text][et_pb_divider color=&#8220;#000000&#8243; _builder_version=&#8220;4.16&#8243; global_colors_info=&#8220;{}&#8220;][\/et_pb_divider][et_pb_text _builder_version=&#8220;4.16&#8243; global_colors_info=&#8220;{}&#8220;]<\/p>\n<p class=\"p1\">Wir verf\u00fcgen \u00fcber einen gro\u00dfen Maschinenpark mit mechanischen und hydraulischen Pressen f\u00fcr die fortschreitende Produktion von bis 1.800 To. Und ein vorbereitetes Team, das es uns erm\u00f6glicht, in einem wettbewerbsintensiven Sektor der unseren Kunden gro\u00dfen technischen M\u00f6glichkeiten bietet, an der Spitze zu bleiben. Im Folgenden beschrieben jede Presse mit Ihren technischen Eigenschaften, Ma\u00dfen\u2026<\/p>\n<p>[\/et_pb_text][\/et_pb_column][\/et_pb_row][et_pb_row column_structure=&#8220;1_3,2_3&#8243; _builder_version=&#8220;4.16&#8243; background_size=&#8220;initial&#8220; background_position=&#8220;top_left&#8220; background_repeat=&#8220;repeat&#8220; custom_margin=&#8220;0px||0px|&#8220; custom_padding=&#8220;0px|0px|35px|0px&#8220; custom_width_px=&#8220;710px&#8220; global_colors_info=&#8220;{}&#8220;][et_pb_column type=&#8220;1_3&#8243; _builder_version=&#8220;4.16&#8243; background_position=&#8220;top_left&#8220; custom_padding=&#8220;|||&#8220; global_colors_info=&#8220;{}&#8220; custom_padding__hover=&#8220;|||&#8220;][et_pb_text admin_label=&#8220;FAQ Section Title&#8220; _builder_version=&#8220;4.16&#8243; text_font=&#8220;Oswald||||||||&#8220; text_text_color=&#8220;#ffffff&#8220; text_font_size=&#8220;17&#8243; header_font=&#8220;Oswald||||||||&#8220; header_text_align=&#8220;left&#8220; header_text_color=&#8220;#ffffff&#8220; header_font_size=&#8220;26&#8243; header_line_height=&#8220;1.2em&#8220; background_image=&#8220;https:\/\/larreno.com\/wp-content\/uploads\/2018\/04\/pedazo-rojo.jpg&#8220; max_width=&#8220;710px&#8220; module_alignment=&#8220;left&#8220; custom_margin=&#8220;||0px|&#8220; custom_padding=&#8220;30px|20px|30px|20px&#8220; animation_direction=&#8220;bottom&#8220; global_colors_info=&#8220;{}&#8220;]PRESSEN<br \/>\n<a style=\"line-height: 1.7em;\" href=\"https:\/\/larreno.com\/de\/betriebsanlagen\/fagor-le4-1000-5000-2200\/\">\u2022 FAGOR LE4-1000-5000-2200 &gt;&gt;\u00a0<\/a><br \/>\n<a href=\"https:\/\/larreno.com\/de\/betriebsanlagen\/clearing-le2-800-4200-1800\/\">\u2022 CLEARING LE2-800-4200-1800 &gt;&gt;<\/a><br \/>\n<a href=\"https:\/\/larreno.com\/de\/betriebsanlagen\/arisa-s-2\/\">\u2022 ARISA S-2-630-300-150-F-S &gt;&gt;<\/a><br \/>\n<a href=\"https:\/\/larreno.com\/de\/betriebsanlagen\/fagor-em2-400-2150-1060\/\">\u2022 FAGOR EM2- 400-2150-1060 &gt;&gt;<\/a><br \/>\n<span style=\"line-height: 1.7em;\"><a href=\"https:\/\/larreno.com\/de\/betriebsanlagen\/fagor-p-s-r-400-doble\/\">\u2022 FAGOR P.S.R. 400 &gt;&gt;<\/a><br \/>\n<\/span><span style=\"line-height: 1.7em;\"><a href=\"https:\/\/larreno.com\/de\/betriebsanlagen\/delteco-p-s-r-250\/\">\u2022 DELTECO P.S.R. 250 &gt;&gt;<\/a><br \/>\n<\/span><a style=\"line-height: 1.7em;\" href=\"https:\/\/larreno.com\/de\/betriebsanlagen\/onapres\/\">\u2022 Hydraulik ONAPRES UBe-180-3,25-AP &gt;&gt;<\/a><br \/>\n<a href=\"https:\/\/larreno.com\/de\/betriebsanlagen\/kieserling-1000\">\u2022 KIESERLING-1000-4500-2500 &gt;&gt;<\/a><br \/>\n<a style=\"line-height: 1.7em;\" href=\"https:\/\/larreno.com\/de\/betriebsanlagen\/schweissen-mig-mag\/\">SCHWEISSEN &gt;&gt;<\/a><br \/>\n[\/et_pb_text][\/et_pb_column][et_pb_column type=&#8220;2_3&#8243; _builder_version=&#8220;4.16&#8243; custom_padding=&#8220;|||&#8220; global_colors_info=&#8220;{}&#8220; custom_padding__hover=&#8220;|||&#8220;][et_pb_image src=&#8220;https:\/\/larreno.com\/wp-content\/uploads\/2018\/10\/fagor-mod.-le4-1000-5000-2200.jpg&#8220; align_tablet=&#8220;center&#8220; align_phone=&#8220;center&#8220; align_last_edited=&#8220;on|desktop&#8220; _builder_version=&#8220;4.16&#8243; custom_margin=&#8220;||0px|&#8220; animation_style=&#8220;fold&#8220; always_center_on_mobile=&#8220;on&#8220; global_colors_info=&#8220;{}&#8220;][\/et_pb_image][\/et_pb_column][\/et_pb_row][et_pb_row column_structure=&#8220;1_3,2_3&#8243; _builder_version=&#8220;4.16&#8243; background_size=&#8220;initial&#8220; background_position=&#8220;top_left&#8220; background_repeat=&#8220;repeat&#8220; custom_margin=&#8220;0px|||&#8220; custom_padding=&#8220;0px|0px|25px|0px&#8220; custom_width_px=&#8220;710px&#8220; global_colors_info=&#8220;{}&#8220;][et_pb_column type=&#8220;1_3&#8243; _builder_version=&#8220;4.16&#8243; background_position=&#8220;top_left&#8220; custom_padding=&#8220;|||&#8220; global_colors_info=&#8220;{}&#8220; custom_padding__hover=&#8220;|||&#8220;][\/et_pb_column][et_pb_column type=&#8220;2_3&#8243; _builder_version=&#8220;4.16&#8243; custom_padding=&#8220;|||&#8220; global_colors_info=&#8220;{}&#8220; custom_padding__hover=&#8220;|||&#8220;][et_pb_text _builder_version=&#8220;4.16&#8243; text_font=&#8220;Oswald||||||||&#8220; text_text_color=&#8220;#303030&#8243; text_font_size=&#8220;30&#8243; custom_margin=&#8220;0px||10px|&#8220; animation_style=&#8220;fade&#8220; global_colors_info=&#8220;{}&#8220;]Presse FAGOR \u00a0LE4-1000-5000-2200<br \/>\n[\/et_pb_text][et_pb_text _builder_version=&#8220;4.16&#8243; text_font=&#8220;Oswald||||||||&#8220; text_text_color=&#8220;#303030&#8243; text_font_size=&#8220;25&#8243; custom_margin=&#8220;0px||25px|&#8220; animation_style=&#8220;fade&#8220; global_colors_info=&#8220;{}&#8220;]DOPPELST\u00c4NDER. LINK DRIVE-WIRKUNG<br \/>\n[\/et_pb_text][\/et_pb_column][\/et_pb_row][et_pb_row column_structure=&#8220;1_3,2_3&#8243; _builder_version=&#8220;4.16&#8243; background_size=&#8220;initial&#8220; background_position=&#8220;top_left&#8220; background_repeat=&#8220;repeat&#8220; custom_margin=&#8220;0px|||&#8220; custom_padding=&#8220;0px|0px|45px|0px&#8220; custom_width_px=&#8220;710px&#8220; global_colors_info=&#8220;{}&#8220;][et_pb_column type=&#8220;1_3&#8243; _builder_version=&#8220;4.16&#8243; background_position=&#8220;top_left&#8220; custom_padding=&#8220;|||&#8220; global_colors_info=&#8220;{}&#8220; custom_padding__hover=&#8220;|||&#8220;][\/et_pb_column][et_pb_column type=&#8220;2_3&#8243; _builder_version=&#8220;4.16&#8243; custom_padding=&#8220;|||&#8220; global_colors_info=&#8220;{}&#8220; custom_padding__hover=&#8220;|||&#8220;][et_pb_divider color=&#8220;#848484&#8243; _builder_version=&#8220;4.16&#8243; custom_margin=&#8220;0px||0px|&#8220; global_colors_info=&#8220;{}&#8220;][\/et_pb_divider][et_pb_text _builder_version=&#8220;4.16&#8243; text_text_color=&#8220;#000000&#8243; text_font_size=&#8220;17&#8243; custom_margin=&#8220;0px||10px|&#8220; global_colors_info=&#8220;{}&#8220;]<\/p>\n<p class=\"p1\"><b>FAGOR DOPPELST\u00c4NDER PRESSE MIT LINK DRIVE-WIRKUNG<br \/>\nMODELL LE4-1000-5000-2200<\/b><\/p>\n<p>[\/et_pb_text][et_pb_text _builder_version=&#8220;4.16&#8243; custom_margin=&#8220;||20px|&#8220; global_colors_info=&#8220;{}&#8220;]<\/p>\n<p class=\"p1\">Nennkraft,\u00a0<strong style=\"line-height: 1.7em;\">10.000kn<br \/>\n<\/strong>Tischma\u00dfe,<span style=\"line-height: 1.7em;\">\u00a0<\/span><strong style=\"line-height: 1.7em;\">5.000*2.200mm<br \/>\n<\/strong><span style=\"line-height: 1.7em;\">Schlittenma\u00dfe,\u00a0<\/span><strong style=\"line-height: 1.7em;\">5.000*2.200mm<br \/>\n<\/strong><span style=\"line-height: 1.7em;\">Arbeitsweg bzw. Hub,\u00a0<\/span><strong style=\"line-height: 1.7em;\">600mm<br \/>\n<\/strong><span style=\"line-height: 1.7em;\">Abstand zwischen Tisch und Schlitten, Hub oben, Regelung unten,\u00a0<\/span><strong style=\"line-height: 1.7em;\">1200mm<br \/>\n<\/strong>Schlittenverstellung, <strong>500mm<\/strong><\/p>\n<p>[\/et_pb_text][et_pb_divider color=&#8220;#848484&#8243; _builder_version=&#8220;4.16&#8243; custom_margin=&#8220;10px||20px|&#8220; global_colors_info=&#8220;{}&#8220;][\/et_pb_divider][et_pb_divider color=&#8220;#848484&#8243; _builder_version=&#8220;4.16&#8243; custom_margin=&#8220;0px||0px|&#8220; global_colors_info=&#8220;{}&#8220;][\/et_pb_divider][et_pb_text _builder_version=&#8220;4.16&#8243; text_text_color=&#8220;#000000&#8243; text_font_size=&#8220;17&#8243; custom_margin=&#8220;0px||10px|&#8220; global_colors_info=&#8220;{}&#8220;]<\/p>\n<p class=\"p1\"><b>LASA KOMPAKTE ZUF\u00dcHRUNGSLINIE<\/b><\/p>\n<p>[\/et_pb_text][et_pb_text _builder_version=&#8220;4.16&#8243; custom_margin=&#8220;||20px|&#8220; global_colors_info=&#8220;{}&#8220;]<\/p>\n<p class=\"p1\">Max. Bandbreite,\u00a0<strong>1.550mm<br \/>\n<\/strong>St\u00e4rke,<span style=\"line-height: 1.7em;\">\u00a0<strong>0,5 \u00f7 9,5mm<br \/>\n<\/strong><\/span>Max. Coilgewicht,<span style=\"line-height: 1.7em;\">\u00a0<strong>15.000kg<br \/>\n<\/strong><\/span><span style=\"line-height: 1.7em;\">Max. Vorschub,<\/span><span style=\"line-height: 1.7em;\">\u00a0<strong>0,99999mm<br \/>\n<\/strong><\/span>Pr\u00e4zisionsgrad,\u00a0<strong>\u00b1 0,1mm<br \/>\n<\/strong>Spitzengeschwindigkeit,\u00a0<strong style=\"line-height: 1.7em;\">60m\/min.<br \/>\n<\/strong>Max. Kadenz,\u00a0<strong>90m\/min.<br \/>\n<\/strong><span style=\"line-height: 1.7em;\">Max. Au\u00dfendurchmesser,\u00a0<\/span><strong style=\"line-height: 1.7em;\">1.800mm<\/strong><\/p>\n<p>[\/et_pb_text][et_pb_divider color=&#8220;#848484&#8243; _builder_version=&#8220;4.16&#8243; custom_margin=&#8220;10px||0px|&#8220; global_colors_info=&#8220;{}&#8220;][\/et_pb_divider][\/et_pb_column][\/et_pb_row][et_pb_row column_structure=&#8220;1_3,2_3&#8243; _builder_version=&#8220;4.16&#8243; background_size=&#8220;initial&#8220; background_position=&#8220;top_left&#8220; background_repeat=&#8220;repeat&#8220; custom_margin=&#8220;0px||0px|&#8220; custom_padding=&#8220;0px|0px|0px|0px&#8220; custom_width_px=&#8220;710px&#8220; global_colors_info=&#8220;{}&#8220;][et_pb_column type=&#8220;1_3&#8243; _builder_version=&#8220;4.16&#8243; background_position=&#8220;top_left&#8220; custom_padding=&#8220;|||&#8220; global_colors_info=&#8220;{}&#8220; custom_padding__hover=&#8220;|||&#8220;][\/et_pb_column][et_pb_column type=&#8220;2_3&#8243; _builder_version=&#8220;4.16&#8243; custom_padding=&#8220;|||&#8220; global_colors_info=&#8220;{}&#8220; custom_padding__hover=&#8220;|||&#8220;][et_pb_image src=&#8220;https:\/\/larreno.com\/wp-content\/uploads\/2018\/10\/larreno-le4.jpg&#8220; force_fullwidth=&#8220;on&#8220; align_tablet=&#8220;center&#8220; align_phone=&#8220;center&#8220; align_last_edited=&#8220;on|desktop&#8220; _builder_version=&#8220;4.16&#8243; custom_margin=&#8220;0px||0px|&#8220; custom_padding=&#8220;0px|||&#8220; always_center_on_mobile=&#8220;on&#8220; global_colors_info=&#8220;{}&#8220;][\/et_pb_image][\/et_pb_column][\/et_pb_row][\/et_pb_section][et_pb_section fb_built=&#8220;1&#8243; admin_label=&#8220;Testimonials&#8220; _builder_version=&#8220;4.16&#8243; background_color=&#8220;#9e9e9e&#8220; background_color_gradient_start=&#8220;rgba(76,72,227,0.96)&#8220; background_color_gradient_end=&#8220;rgba(73,108,220,0.93)&#8220; custom_margin=&#8220;20px|||&#8220; custom_padding=&#8220;50px||50px|&#8220; animation_style=&#8220;fold&#8220; animation_direction=&#8220;bottom&#8220; animation_intensity_fold=&#8220;4%&#8220; global_colors_info=&#8220;{}&#8220;][et_pb_row column_structure=&#8220;1_4,1_4,1_4,1_4&#8243; _builder_version=&#8220;4.16&#8243; background_size=&#8220;initial&#8220; background_position=&#8220;top_left&#8220; background_repeat=&#8220;repeat&#8220; custom_margin=&#8220;10px||10px|&#8220; custom_padding=&#8220;0px||0px|&#8220; custom_width_px=&#8220;710px&#8220; locked=&#8220;off&#8220; global_colors_info=&#8220;{}&#8220;][et_pb_column type=&#8220;1_4&#8243; _builder_version=&#8220;4.16&#8243; background_position=&#8220;top_left&#8220; custom_padding=&#8220;|||&#8220; global_colors_info=&#8220;{}&#8220; custom_padding__hover=&#8220;|||&#8220;][\/et_pb_column][et_pb_column type=&#8220;1_4&#8243; _builder_version=&#8220;4.16&#8243; custom_padding=&#8220;|||&#8220; global_colors_info=&#8220;{}&#8220; custom_padding__hover=&#8220;|||&#8220;][et_pb_text admin_label=&#8220;FAQ Section Title&#8220; _builder_version=&#8220;4.16&#8243; text_font=&#8220;Oswald|600|||||||&#8220; header_font=&#8220;Oswald|500|||||||&#8220; header_text_align=&#8220;left&#8220; header_text_color=&#8220;#ffffff&#8220; header_font_size=&#8220;22&#8243; background_layout=&#8220;dark&#8220; max_width=&#8220;710px&#8220; module_alignment=&#8220;left&#8220; custom_margin=&#8220;|0px|0px|&#8220; custom_padding=&#8220;|0px|0px|0px&#8220; animation_style=&#8220;fold&#8220; animation_direction=&#8220;bottom&#8220; animation_intensity_fold=&#8220;20%&#8220; global_colors_info=&#8220;{}&#8220;]<\/p>\n<h1>Anlagen<\/h1>\n<p>[\/et_pb_text][et_pb_video src=&#8220;https:\/\/larreno.com\/wp-content\/uploads\/2018\/10\/Instalaciones-Larreno.m4v&#8220; _builder_version=&#8220;4.16&#8243; global_colors_info=&#8220;{}&#8220;][\/et_pb_video][\/et_pb_column][et_pb_column type=&#8220;1_4&#8243; _builder_version=&#8220;4.16&#8243; custom_padding=&#8220;|||&#8220; global_colors_info=&#8220;{}&#8220; custom_padding__hover=&#8220;|||&#8220;][et_pb_text admin_label=&#8220;FAQ Section Title&#8220; _builder_version=&#8220;4.16&#8243; text_font=&#8220;Oswald|700|||||||&#8220; header_font=&#8220;Oswald|500|||||||&#8220; header_text_align=&#8220;left&#8220; header_text_color=&#8220;#ffffff&#8220; header_font_size=&#8220;22&#8243; background_layout=&#8220;dark&#8220; max_width=&#8220;710px&#8220; module_alignment=&#8220;left&#8220; custom_margin=&#8220;||0px|&#8220; custom_padding=&#8220;||0px|&#8220; animation_style=&#8220;fold&#8220; animation_direction=&#8220;bottom&#8220; animation_intensity_fold=&#8220;20%&#8220; global_colors_info=&#8220;{}&#8220;]<\/p>\n<h1>Fertigung<\/h1>\n<p>[\/et_pb_text][et_pb_video src=&#8220;https:\/\/larreno.com\/wp-content\/uploads\/2018\/10\/Soldadura.m4v&#8220; _builder_version=&#8220;4.16&#8243; global_colors_info=&#8220;{}&#8220;][\/et_pb_video][\/et_pb_column][et_pb_column type=&#8220;1_4&#8243; _builder_version=&#8220;4.16&#8243; custom_padding=&#8220;|||&#8220; global_colors_info=&#8220;{}&#8220; custom_padding__hover=&#8220;|||&#8220;][\/et_pb_column][\/et_pb_row][\/et_pb_section][et_pb_section fb_built=&#8220;1&#8243; _builder_version=&#8220;4.16&#8243; background_color=&#8220;rgba(48,48,48,0.87)&#8220; custom_margin=&#8220;||0px|&#8220; custom_padding=&#8220;||0px|&#8220; global_colors_info=&#8220;{}&#8220;][et_pb_row column_structure=&#8220;1_3,2_3&#8243; _builder_version=&#8220;4.16&#8243; custom_margin=&#8220;0px|||&#8220; custom_padding=&#8220;0px|||&#8220; global_colors_info=&#8220;{}&#8220;][et_pb_column type=&#8220;1_3&#8243; _builder_version=&#8220;4.16&#8243; custom_padding=&#8220;|||&#8220; global_colors_info=&#8220;{}&#8220; custom_padding__hover=&#8220;|||&#8220;][et_pb_text _builder_version=&#8220;4.16&#8243; background_layout=&#8220;dark&#8220; global_colors_info=&#8220;{}&#8220;]<strong>LARRENO S.L.<br \/>\n<\/strong>STANZEN, MONTAGE und SCHWEISSEN<strong><br \/>\n<\/strong><br \/>\nPol\u00edgono Industrial BOROA, 17<br \/>\n48340 AMOREBIETA-ETXANO (BIZKAIA)<br \/>\nTel. +34 &#8211; 94 620 01 01<br \/>\nFax. +34 &#8211; 94 621 51 35<\/p>\n<p>Kommerzielle: <strong><a href=\"mailto:comercial@larreno.com\">comercial@larreno.com<\/a><\/strong><br \/>\n[\/et_pb_text][\/et_pb_column][et_pb_column type=&#8220;2_3&#8243; _builder_version=&#8220;4.16&#8243; custom_padding=&#8220;|||&#8220; global_colors_info=&#8220;{}&#8220; custom_padding__hover=&#8220;|||&#8220;][et_pb_image src=&#8220;https:\/\/larreno.com\/wp-content\/uploads\/2025\/02\/google-larreno.-peq-1.gif&#8220; title_text=&#8220;google-larreno.-peq&#8220; url=&#8220;https:\/\/www.google.es\/maps\/place\/LARRENO+Estampaci%C3%B3n+de+Piezas+Met%C3%A1licas\/@43.2339743,-2.7586639,246m\/data=!3m1!1e3!4m6!3m5!1s0xd4e37895e514eaf:0x11218408053056f6!8m2!3d43.2339704!4d-2.7580202!16s%2Fg%2F11xddn1lv?hl=es&#038;entry=ttu&#038;g_ep=EgoyMDI0MDkxMS4wIKXMDSoASAFQAw%3D%3D&#8220; _builder_version=&#8220;4.27.4&#8243; _module_preset=&#8220;default&#8220; width=&#8220;19.3%&#8220; max_width=&#8220;50%&#8220; custom_padding=&#8220;|36px||||&#8220; locked=&#8220;off&#8220; global_colors_info=&#8220;{}&#8220;][\/et_pb_image][\/et_pb_column][\/et_pb_row][\/et_pb_section]<\/p>\n","protected":false},"excerpt":{"rendered":"<p>BETRIEBSANLAGEN Wir verf\u00fcgen \u00fcber einen gro\u00dfen Maschinenpark mit mechanischen und hydraulischen Pressen f\u00fcr die fortschreitende Produktion von bis 1.800 To. Und ein vorbereitetes Team, das es uns erm\u00f6glicht, in einem wettbewerbsintensiven Sektor der unseren Kunden gro\u00dfen technischen M\u00f6glichkeiten bietet, an der Spitze zu bleiben. Im Folgenden beschrieben jede Presse mit Ihren technischen Eigenschaften, Ma\u00dfen\u2026 PRESSEN [&hellip;]<\/p>\n","protected":false},"author":2,"featured_media":0,"parent":0,"menu_order":0,"comment_status":"closed","ping_status":"closed","template":"","meta":{"_et_pb_use_builder":"on","_et_pb_old_content":"","_et_gb_content_width":""},"_links":{"self":[{"href":"https:\/\/larreno.com\/de\/wp-json\/wp\/v2\/pages\/1918"}],"collection":[{"href":"https:\/\/larreno.com\/de\/wp-json\/wp\/v2\/pages"}],"about":[{"href":"https:\/\/larreno.com\/de\/wp-json\/wp\/v2\/types\/page"}],"author":[{"embeddable":true,"href":"https:\/\/larreno.com\/de\/wp-json\/wp\/v2\/users\/2"}],"replies":[{"embeddable":true,"href":"https:\/\/larreno.com\/de\/wp-json\/wp\/v2\/comments?post=1918"}],"version-history":[{"count":21,"href":"https:\/\/larreno.com\/de\/wp-json\/wp\/v2\/pages\/1918\/revisions"}],"predecessor-version":[{"id":3721,"href":"https:\/\/larreno.com\/de\/wp-json\/wp\/v2\/pages\/1918\/revisions\/3721"}],"wp:attachment":[{"href":"https:\/\/larreno.com\/de\/wp-json\/wp\/v2\/media?parent=1918"}],"curies":[{"name":"wp","href":"https:\/\/api.w.org\/{rel}","templated":true}]}}