{"id":1895,"date":"2018-10-21T11:42:46","date_gmt":"2018-10-21T11:42:46","guid":{"rendered":"https:\/\/larreno.com\/?page_id=1895"},"modified":"2025-02-04T12:44:20","modified_gmt":"2025-02-04T12:44:20","slug":"unternehmen-2","status":"publish","type":"page","link":"https:\/\/larreno.com\/de\/","title":{"rendered":"UNTERNEHMEN"},"content":{"rendered":"<p>[et_pb_section fb_built=&#8220;1&#8243; fullwidth=&#8220;on&#8220; custom_padding_last_edited=&#8220;on|&#8220; _builder_version=&#8220;4.16&#8243; custom_margin=&#8220;||0px|&#8220; custom_margin_tablet=&#8220;&#8220; custom_margin_phone=&#8220;&#8220; custom_margin_last_edited=&#8220;on|&#8220; custom_padding=&#8220;||0px|&#8220; custom_padding_tablet=&#8220;&#8220; custom_padding_phone=&#8220;&#8220; global_colors_info=&#8220;{}&#8220;][et_pb_fullwidth_slider _builder_version=&#8220;4.16&#8243; custom_margin=&#8220;||0px|&#8220; custom_padding=&#8220;||0px|&#8220; auto=&#8220;on&#8220; auto_speed=&#8220;3500&#8243; global_colors_info=&#8220;{}&#8220; button_text_size__hover_enabled=&#8220;off&#8220; button_text_size__hover=&#8220;null&#8220; button_one_text_size__hover_enabled=&#8220;off&#8220; button_one_text_size__hover=&#8220;null&#8220; button_two_text_size__hover_enabled=&#8220;off&#8220; button_two_text_size__hover=&#8220;null&#8220; button_text_color__hover_enabled=&#8220;off&#8220; button_text_color__hover=&#8220;null&#8220; button_one_text_color__hover_enabled=&#8220;off&#8220; button_one_text_color__hover=&#8220;null&#8220; button_two_text_color__hover_enabled=&#8220;off&#8220; button_two_text_color__hover=&#8220;null&#8220; button_border_width__hover_enabled=&#8220;off&#8220; button_border_width__hover=&#8220;null&#8220; button_one_border_width__hover_enabled=&#8220;off&#8220; button_one_border_width__hover=&#8220;null&#8220; button_two_border_width__hover_enabled=&#8220;off&#8220; button_two_border_width__hover=&#8220;null&#8220; button_border_color__hover_enabled=&#8220;off&#8220; button_border_color__hover=&#8220;null&#8220; button_one_border_color__hover_enabled=&#8220;off&#8220; button_one_border_color__hover=&#8220;null&#8220; button_two_border_color__hover_enabled=&#8220;off&#8220; button_two_border_color__hover=&#8220;null&#8220; button_border_radius__hover_enabled=&#8220;off&#8220; button_border_radius__hover=&#8220;null&#8220; button_one_border_radius__hover_enabled=&#8220;off&#8220; button_one_border_radius__hover=&#8220;null&#8220; button_two_border_radius__hover_enabled=&#8220;off&#8220; button_two_border_radius__hover=&#8220;null&#8220; button_letter_spacing__hover_enabled=&#8220;off&#8220; button_letter_spacing__hover=&#8220;null&#8220; button_one_letter_spacing__hover_enabled=&#8220;off&#8220; button_one_letter_spacing__hover=&#8220;null&#8220; button_two_letter_spacing__hover_enabled=&#8220;off&#8220; button_two_letter_spacing__hover=&#8220;null&#8220; button_bg_color__hover_enabled=&#8220;off&#8220; button_bg_color__hover=&#8220;null&#8220; button_one_bg_color__hover_enabled=&#8220;off&#8220; button_one_bg_color__hover=&#8220;null&#8220; button_two_bg_color__hover_enabled=&#8220;off&#8220; button_two_bg_color__hover=&#8220;null&#8220;][et_pb_slide use_bg_overlay=&#8220;off&#8220; use_text_overlay=&#8220;off&#8220; _builder_version=&#8220;4.16&#8243; background_image=&#8220;https:\/\/larreno.com\/wp-content\/uploads\/2018\/09\/nave-para-contacto.jpg&#8220; button_on_hover=&#8220;on&#8220; global_colors_info=&#8220;{}&#8220; sticky_transition=&#8220;on&#8220;][\/et_pb_slide][et_pb_slide use_bg_overlay=&#8220;off&#8220; use_text_overlay=&#8220;off&#8220; _builder_version=&#8220;4.16&#8243; background_image=&#8220;https:\/\/larreno.com\/wp-content\/uploads\/2018\/09\/fabrica-1000TP-049406.jpg&#8220; button_on_hover=&#8220;on&#8220; global_colors_info=&#8220;{}&#8220; sticky_transition=&#8220;on&#8220;][\/et_pb_slide][et_pb_slide use_bg_overlay=&#8220;off&#8220; use_text_overlay=&#8220;off&#8220; _builder_version=&#8220;4.16&#8243; background_image=&#8220;https:\/\/larreno.com\/wp-content\/uploads\/2018\/09\/fabrica-otra.jpg&#8220; button_on_hover=&#8220;on&#8220; global_colors_info=&#8220;{}&#8220; sticky_transition=&#8220;on&#8220;][\/et_pb_slide][et_pb_slide use_bg_overlay=&#8220;off&#8220; use_text_overlay=&#8220;off&#8220; _builder_version=&#8220;4.16&#8243; background_image=&#8220;https:\/\/larreno.com\/wp-content\/uploads\/2018\/11\/fto-general-optimizada.jpg&#8220; button_on_hover=&#8220;on&#8220; global_colors_info=&#8220;{}&#8220; sticky_transition=&#8220;on&#8220;][\/et_pb_slide][\/et_pb_fullwidth_slider][\/et_pb_section][et_pb_section fb_built=&#8220;1&#8243; admin_label=&#8220;FAQ&#8220; _builder_version=&#8220;4.16&#8243; custom_margin=&#8220;0px|||&#8220; custom_margin_tablet=&#8220;&#8220; custom_margin_phone=&#8220;&#8220; custom_margin_last_edited=&#8220;on|&#8220; custom_padding=&#8220;0px|0px|0px|0px&#8220; global_colors_info=&#8220;{}&#8220;][et_pb_row custom_padding_last_edited=&#8220;on|&#8220; _builder_version=&#8220;4.16&#8243; background_size=&#8220;initial&#8220; background_position=&#8220;top_left&#8220; background_repeat=&#8220;repeat&#8220; custom_margin=&#8220;0px||5px|&#8220; custom_margin_tablet=&#8220;&#8220; custom_margin_phone=&#8220;&#8220; custom_margin_last_edited=&#8220;on|&#8220; custom_padding=&#8220;50px|0px|5px|0px|false|false&#8220; custom_padding_tablet=&#8220;&#8220; custom_padding_phone=&#8220;&#8220; custom_width_px=&#8220;710px&#8220; global_colors_info=&#8220;{}&#8220;][et_pb_column type=&#8220;4_4&#8243; _builder_version=&#8220;4.16&#8243; background_position=&#8220;top_left&#8220; custom_padding=&#8220;||0px|&#8220; global_colors_info=&#8220;{}&#8220; custom_padding__hover=&#8220;|||&#8220;][et_pb_text admin_label=&#8220;FAQ Section Title&#8220; _builder_version=&#8220;4.16&#8243; header_font=&#8220;Oswald||||||||&#8220; header_text_align=&#8220;left&#8220; header_text_color=&#8220;#1f1f1f&#8220; header_font_size=&#8220;30&#8243; max_width=&#8220;710px&#8220; module_alignment=&#8220;left&#8220; custom_margin=&#8220;0px|||&#8220; animation_direction=&#8220;bottom&#8220; header_font_size_tablet=&#8220;&#8220; header_font_size_phone=&#8220;&#8220; header_font_size_last_edited=&#8220;on|&#8220; global_colors_info=&#8220;{}&#8220;]<\/p>\n<h1>UNTERNEHMEN<\/h1>\n<p>[\/et_pb_text][et_pb_divider color=&#8220;#000000&#8243; _builder_version=&#8220;4.16&#8243; global_colors_info=&#8220;{}&#8220;][\/et_pb_divider][\/et_pb_column][\/et_pb_row][et_pb_row column_structure=&#8220;1_2,1_2&#8243; _builder_version=&#8220;4.16&#8243; background_size=&#8220;initial&#8220; background_position=&#8220;top_left&#8220; background_repeat=&#8220;repeat&#8220; custom_margin=&#8220;0px|||&#8220; custom_padding=&#8220;0px|0px|15px|0px&#8220; custom_width_px=&#8220;710px&#8220; global_colors_info=&#8220;{}&#8220;][et_pb_column type=&#8220;1_2&#8243; _builder_version=&#8220;4.16&#8243; background_position=&#8220;top_left&#8220; custom_padding=&#8220;|||&#8220; global_colors_info=&#8220;{}&#8220; custom_padding__hover=&#8220;|||&#8220;][et_pb_text admin_label=&#8220;FAQ Section Subtitle&#8220; _builder_version=&#8220;4.16&#8243; text_font_size=&#8220;17&#8243; text_line_height=&#8220;1.9em&#8220; header_text_align=&#8220;left&#8220; background_size=&#8220;initial&#8220; background_position=&#8220;top_left&#8220; background_repeat=&#8220;repeat&#8220; max_width=&#8220;710px&#8220; module_alignment=&#8220;center&#8220; custom_margin=&#8220;0px|||&#8220; animation_direction=&#8220;bottom&#8220; global_colors_info=&#8220;{}&#8220;]<\/p>\n<p class=\"p1\">In Larreno S.L. widmen wir uns der Herstellung von Konstruktion von Metallstanzteilen, Schwei\u00dfen und Zusammenbau von Komponenten, Wir sind darauf spezialisiert, einen umfassenden Services anzubieten, der von Konstruktion und Herstellung von Werkzeuge \u00fcber die Industrialisierung bis hin zu Herstellung des Endprodukts reicht.<\/p>\n<p class=\"p1\">Larreno S.L. wurde 1996 als Familienunternehmen gegr\u00fcndet und passt sich seitdem den neuen Bed\u00fcrfnissen des Marktes und der Kundenforderungen an.<\/p>\n<p class=\"p1\">In Larreno S.L. bieten wir unseren Kunden die<span class=\"Apple-converted-space\">\u00a0 <\/span>Verpflichtung zu Qualit\u00e4t und optimalem Management. Unsere umfassende Erfahrung von mehr al 20 Jahre auf den gebietet des Druckens<span class=\"Apple-converted-space\">\u00a0 <\/span>und unsere gro\u00dfe Flexibilit\u00e4t bei der Anpassung an unterschiedliche Situationen erm\u00f6glicht es uns, unseren Kunden dabei eine Zufriedenheitsgarantie zu bieten.<\/p>\n<p>&nbsp;<br \/>\n[\/et_pb_text][et_pb_text admin_label=&#8220;FAQ Section Title&#8220; _builder_version=&#8220;4.16&#8243; text_font=&#8220;Oswald|500|||||||&#8220; text_text_color=&#8220;#ffffff&#8220; header_font=&#8220;Oswald||||||||&#8220; header_text_align=&#8220;left&#8220; header_text_color=&#8220;#ffffff&#8220; header_font_size=&#8220;26&#8243; header_line_height=&#8220;1.2em&#8220; background_color=&#8220;rgba(0,0,0,0.35)&#8220; background_image=&#8220;https:\/\/larreno.com\/wp-content\/uploads\/2018\/04\/pedazo-rojo.jpg&#8220; background_layout=&#8220;dark&#8220; max_width=&#8220;710px&#8220; module_alignment=&#8220;left&#8220; custom_margin=&#8220;||0px|&#8220; custom_padding=&#8220;30px|30px|30px|30px&#8220; animation_style=&#8220;fold&#8220; animation_direction=&#8220;bottom&#8220; animation_intensity_fold=&#8220;20%&#8220; global_colors_info=&#8220;{}&#8220;]<\/p>\n<h1><a href=\"https:\/\/larreno.com\/de\/betriebsanlagen\/\">BETRIEBSANLAGEN<\/a><\/h1>\n<p>PRESSEN<br \/>\n<a style=\"line-height: 1.7em;\" href=\"https:\/\/larreno.com\/de\/betriebsanlagen\/fagor-le4-1000-5000-2200\/\">\u2022 FAGOR LE4-1000-5000-2200 &gt;&gt;\u00a0<\/a><br \/>\n<a href=\"https:\/\/larreno.com\/de\/betriebsanlagen\/clearing-le2-800-4200-1800\/\">\u2022 CLEARING LE2-800-4200-1800 &gt;&gt;<\/a><br \/>\n<a href=\"https:\/\/larreno.com\/de\/betriebsanlagen\/arisa-s-2\/\">\u2022 ARISA S-2-630-300-150-F-S &gt;&gt;<\/a><br \/>\n<a href=\"https:\/\/larreno.com\/de\/betriebsanlagen\/fagor-em2-400-2150-1060\/\">\u2022 FAGOR EM2- 400-2150-1060 &gt;&gt;<\/a><br \/>\n<span style=\"line-height: 1.7em;\"><a href=\"https:\/\/larreno.com\/de\/betriebsanlagen\/fagor-p-s-r-400-doble\/\">\u2022 FAGOR P.S.R. 400 &gt;&gt;<\/a><br \/>\n<\/span><span style=\"line-height: 1.7em;\"><a href=\"https:\/\/larreno.com\/de\/betriebsanlagen\/delteco-p-s-r-250\/\">\u2022 DELTECO P.S.R. 250 &gt;&gt;<\/a><br \/>\n<\/span><a style=\"line-height: 1.7em;\" href=\"https:\/\/larreno.com\/de\/betriebsanlagen\/onapres\/\">\u2022 Hydraulik ONAPRES UBe-180-3,25-AP &gt;&gt;<\/a><br \/>\n<a href=\"https:\/\/larreno.com\/de\/betriebsanlagen\/kieserling-1000\">\u2022 KIESERLING-1000-4500-2500 &gt;&gt;<\/a><br \/>\n<a style=\"line-height: 1.7em;\" href=\"https:\/\/larreno.com\/de\/betriebsanlagen\/schweissen-mig-mag\/\">SCHWEISSEN &gt;&gt;<\/a><br \/>\n[\/et_pb_text][\/et_pb_column][et_pb_column type=&#8220;1_2&#8243; _builder_version=&#8220;4.16&#8243; custom_padding=&#8220;|||&#8220; global_colors_info=&#8220;{}&#8220; custom_padding__hover=&#8220;|||&#8220;][et_pb_text admin_label=&#8220;FAQ Section Title&#8220; _builder_version=&#8220;4.16&#8243; text_font=&#8220;Oswald||||||||&#8220; header_font=&#8220;Oswald||||||||&#8220; header_text_align=&#8220;left&#8220; header_text_color=&#8220;#1f1f1f&#8220; header_font_size=&#8220;26&#8243; max_width=&#8220;710px&#8220; module_alignment=&#8220;left&#8220; custom_margin=&#8220;0px||5px|&#8220; custom_padding=&#8220;0px||5px|&#8220; animation_direction=&#8220;bottom&#8220; global_colors_info=&#8220;{}&#8220;]<\/p>\n<h1>Produkte<\/h1>\n<p>[\/et_pb_text][et_pb_text admin_label=&#8220;FAQ Section Subtitle&#8220; _builder_version=&#8220;4.16&#8243; text_font_size=&#8220;17&#8243; text_line_height=&#8220;1.9em&#8220; header_text_align=&#8220;left&#8220; background_size=&#8220;initial&#8220; background_position=&#8220;top_left&#8220; background_repeat=&#8220;repeat&#8220; max_width=&#8220;710px&#8220; module_alignment=&#8220;center&#8220; custom_margin=&#8220;0px||0px|&#8220; custom_padding=&#8220;||0px|&#8220; animation_direction=&#8220;bottom&#8220; global_colors_info=&#8220;{}&#8220;]Unsere Hauptkunden sind f\u00fchrende Unternehmen der <strong>Sektoren Automobilindustrie, Baugewerbe, erneuerbare Energien, Telekommunikationen, wei\u00dfe Ger\u00e4telinien, usw.<\/strong><\/p>\n<p>&nbsp;<br \/>\n[\/et_pb_text][et_pb_gallery gallery_ids=&#8220;350,351,352,353&#8243; fullwidth=&#8220;on&#8220; _builder_version=&#8220;4.16&#8243; custom_margin=&#8220;0px|20px|45px|20px&#8220; custom_padding=&#8220;0px|20px||20px&#8220; auto=&#8220;on&#8220; auto_speed=&#8220;3500&#8243; pagination_font_size_tablet=&#8220;51&#8243; pagination_line_height_tablet=&#8220;2&#8243; global_colors_info=&#8220;{}&#8220;][\/et_pb_gallery][et_pb_text admin_label=&#8220;FAQ Section Title&#8220; _builder_version=&#8220;4.16&#8243; text_font=&#8220;Oswald||||||||&#8220; header_font=&#8220;Oswald||||||||&#8220; header_text_align=&#8220;left&#8220; header_text_color=&#8220;#1f1f1f&#8220; header_font_size=&#8220;26&#8243; max_width=&#8220;710px&#8220; module_alignment=&#8220;left&#8220; custom_margin=&#8220;55px||5px|&#8220; custom_padding=&#8220;||5px|&#8220; animation_direction=&#8220;bottom&#8220; global_colors_info=&#8220;{}&#8220;]<\/p>\n<h1><\/h1>\n<p>&nbsp;<\/p>\n<h1>Qualit\u00e4t und st\u00e4ndige Verbesserung<\/h1>\n<p>[\/et_pb_text][et_pb_text admin_label=&#8220;FAQ Section Subtitle&#8220; _builder_version=&#8220;4.16&#8243; text_font_size=&#8220;17&#8243; text_line_height=&#8220;1.9em&#8220; header_text_align=&#8220;left&#8220; background_size=&#8220;initial&#8220; background_position=&#8220;top_left&#8220; background_repeat=&#8220;repeat&#8220; max_width=&#8220;710px&#8220; module_alignment=&#8220;center&#8220; custom_margin=&#8220;||0px|&#8220; custom_padding=&#8220;||0px|&#8220; animation_direction=&#8220;bottom&#8220; global_colors_info=&#8220;{}&#8220;]Die ununterbrochene Entwicklung unseres Unternehmens hat erhebliche Investitionen in Maschinen und Einrichtungen zur Qualit\u00e4tskontrolle zur Folge gehabt.\u00a0Lage versetzt, auf einem wettbewerbsintensiven Sektor f\u00fchrend zu bleiben.<br \/>\n[\/et_pb_text][\/et_pb_column][\/et_pb_row][et_pb_row column_structure=&#8220;1_2,1_2&#8243; _builder_version=&#8220;4.16&#8243; background_size=&#8220;initial&#8220; background_position=&#8220;top_left&#8220; background_repeat=&#8220;repeat&#8220; module_alignment=&#8220;center&#8220; custom_padding=&#8220;0px||0px|&#8220; custom_width_px=&#8220;710px&#8220; global_colors_info=&#8220;{}&#8220;][et_pb_column type=&#8220;1_2&#8243; _builder_version=&#8220;4.16&#8243; background_color=&#8220;rgba(0,0,0,0.08)&#8220; background_position=&#8220;top_left&#8220; custom_padding=&#8220;|||&#8220; global_colors_info=&#8220;{}&#8220; custom_padding__hover=&#8220;|||&#8220;][\/et_pb_column][et_pb_column type=&#8220;1_2&#8243; _builder_version=&#8220;4.16&#8243; custom_padding=&#8220;|||&#8220; global_colors_info=&#8220;{}&#8220; custom_padding__hover=&#8220;|||&#8220;][et_pb_image align_tablet=&#8220;center&#8220; align_phone=&#8220;center&#8220; align_last_edited=&#8220;on|desktop&#8220; _builder_version=&#8220;4.16&#8243; global_colors_info=&#8220;{}&#8220;][\/et_pb_image][\/et_pb_column][\/et_pb_row][\/et_pb_section][et_pb_section fb_built=&#8220;1&#8243; admin_label=&#8220;Testimonials&#8220; _builder_version=&#8220;4.16&#8243; background_color=&#8220;#9e9e9e&#8220; custom_margin=&#8220;20px|||&#8220; custom_padding=&#8220;50px||50px|&#8220; animation_style=&#8220;fold&#8220; animation_direction=&#8220;bottom&#8220; animation_intensity_fold=&#8220;4%&#8220; global_colors_info=&#8220;{}&#8220;][et_pb_row column_structure=&#8220;1_4,1_4,1_4,1_4&#8243; _builder_version=&#8220;4.16&#8243; background_size=&#8220;initial&#8220; background_position=&#8220;top_left&#8220; background_repeat=&#8220;repeat&#8220; custom_margin=&#8220;10px||10px|&#8220; custom_padding=&#8220;0px||0px|&#8220; custom_width_px=&#8220;710px&#8220; locked=&#8220;off&#8220; global_colors_info=&#8220;{}&#8220;][et_pb_column type=&#8220;1_4&#8243; _builder_version=&#8220;4.16&#8243; background_position=&#8220;top_left&#8220; custom_padding=&#8220;|||&#8220; global_colors_info=&#8220;{}&#8220; custom_padding__hover=&#8220;|||&#8220;][\/et_pb_column][et_pb_column type=&#8220;1_4&#8243; _builder_version=&#8220;4.16&#8243; custom_padding=&#8220;|||&#8220; global_colors_info=&#8220;{}&#8220; custom_padding__hover=&#8220;|||&#8220;][et_pb_text admin_label=&#8220;FAQ Section Title&#8220; _builder_version=&#8220;4.16&#8243; text_font=&#8220;Oswald|600|||||||&#8220; header_font=&#8220;Oswald|500|||||||&#8220; header_text_align=&#8220;left&#8220; header_text_color=&#8220;#ffffff&#8220; header_font_size=&#8220;22&#8243; background_layout=&#8220;dark&#8220; max_width=&#8220;710px&#8220; module_alignment=&#8220;left&#8220; custom_margin=&#8220;|0px|0px|&#8220; custom_padding=&#8220;|0px|0px|0px&#8220; animation_style=&#8220;fold&#8220; animation_direction=&#8220;bottom&#8220; animation_intensity_fold=&#8220;20%&#8220; global_colors_info=&#8220;{}&#8220;]<\/p>\n<h1>Anlagen<\/h1>\n<p>[\/et_pb_text][et_pb_video src=&#8220;https:\/\/larreno.com\/wp-content\/uploads\/2018\/10\/Instalaciones-Larreno.m4v&#8220; _builder_version=&#8220;4.16&#8243; global_colors_info=&#8220;{}&#8220;][\/et_pb_video][\/et_pb_column][et_pb_column type=&#8220;1_4&#8243; _builder_version=&#8220;4.16&#8243; custom_padding=&#8220;|||&#8220; global_colors_info=&#8220;{}&#8220; custom_padding__hover=&#8220;|||&#8220;][et_pb_text admin_label=&#8220;FAQ Section Title&#8220; _builder_version=&#8220;4.16&#8243; text_font=&#8220;Oswald|700|||||||&#8220; header_font=&#8220;Oswald|500|||||||&#8220; header_text_align=&#8220;left&#8220; header_text_color=&#8220;#ffffff&#8220; header_font_size=&#8220;22&#8243; background_layout=&#8220;dark&#8220; max_width=&#8220;710px&#8220; module_alignment=&#8220;left&#8220; custom_margin=&#8220;||0px|&#8220; custom_padding=&#8220;||0px|&#8220; animation_style=&#8220;fold&#8220; animation_direction=&#8220;bottom&#8220; animation_intensity_fold=&#8220;20%&#8220; global_colors_info=&#8220;{}&#8220;]<\/p>\n<h1>Fertigung<\/h1>\n<p>[\/et_pb_text][et_pb_video src=&#8220;https:\/\/larreno.com\/wp-content\/uploads\/2018\/10\/Soldadura.m4v&#8220; _builder_version=&#8220;4.16&#8243; global_colors_info=&#8220;{}&#8220;][\/et_pb_video][\/et_pb_column][et_pb_column type=&#8220;1_4&#8243; _builder_version=&#8220;4.16&#8243; custom_padding=&#8220;|||&#8220; global_colors_info=&#8220;{}&#8220; custom_padding__hover=&#8220;|||&#8220;][\/et_pb_column][\/et_pb_row][\/et_pb_section][et_pb_section fb_built=&#8220;1&#8243; _builder_version=&#8220;4.16&#8243; background_color=&#8220;rgba(48,48,48,0.87)&#8220; custom_margin=&#8220;||0px|&#8220; custom_padding=&#8220;||0px|&#8220; global_colors_info=&#8220;{}&#8220;][et_pb_row column_structure=&#8220;1_3,2_3&#8243; _builder_version=&#8220;4.16&#8243; custom_margin=&#8220;0px|||&#8220; custom_padding=&#8220;0px|||&#8220; global_colors_info=&#8220;{}&#8220;][et_pb_column type=&#8220;1_3&#8243; _builder_version=&#8220;4.16&#8243; custom_padding=&#8220;|||&#8220; global_colors_info=&#8220;{}&#8220; custom_padding__hover=&#8220;|||&#8220;][et_pb_text _builder_version=&#8220;4.16&#8243; background_layout=&#8220;dark&#8220; global_colors_info=&#8220;{}&#8220;]<strong>LARRENO S.L.<br \/>\n<\/strong>STANZEN, MONTAGE und SCHWEISSEN<strong><br \/>\n<\/strong><br \/>\nPol\u00edgono Industrial BOROA, 17<br \/>\n48340 AMOREBIETA-ETXANO (BIZKAIA)<br \/>\nTel. +34 &#8211; 94 620 01 01<br \/>\nFax. +34 &#8211; 94 621 51 35<\/p>\n<p>Kommerzielle: <strong><a href=\"mailto:comercial@larreno.com\">comercial@larreno.com<\/a><\/strong><br \/>\n[\/et_pb_text][\/et_pb_column][et_pb_column type=&#8220;2_3&#8243; _builder_version=&#8220;4.16&#8243; custom_padding=&#8220;|||&#8220; global_colors_info=&#8220;{}&#8220; custom_padding__hover=&#8220;|||&#8220;][et_pb_image src=&#8220;https:\/\/larreno.com\/wp-content\/uploads\/2025\/02\/google-larreno.-peq-1.gif&#8220; title_text=&#8220;google-larreno.-peq&#8220; url=&#8220;https:\/\/www.google.es\/maps\/place\/LARRENO+Estampaci%C3%B3n+de+Piezas+Met%C3%A1licas\/@43.2339743,-2.7586639,246m\/data=!3m1!1e3!4m6!3m5!1s0xd4e37895e514eaf:0x11218408053056f6!8m2!3d43.2339704!4d-2.7580202!16s%2Fg%2F11xddn1lv?hl=es&#038;entry=ttu&#038;g_ep=EgoyMDI0MDkxMS4wIKXMDSoASAFQAw%3D%3D&#8220; _builder_version=&#8220;4.27.4&#8243; _module_preset=&#8220;default&#8220; width=&#8220;19.3%&#8220; max_width=&#8220;50%&#8220; custom_padding=&#8220;|36px||||&#8220; locked=&#8220;off&#8220; global_colors_info=&#8220;{}&#8220;][\/et_pb_image][\/et_pb_column][\/et_pb_row][\/et_pb_section]<\/p>\n","protected":false},"excerpt":{"rendered":"<p>UNTERNEHMEN In Larreno S.L. widmen wir uns der Herstellung von Konstruktion von Metallstanzteilen, Schwei\u00dfen und Zusammenbau von Komponenten, Wir sind darauf spezialisiert, einen umfassenden Services anzubieten, der von Konstruktion und Herstellung von Werkzeuge \u00fcber die Industrialisierung bis hin zu Herstellung des Endprodukts reicht. Larreno S.L. wurde 1996 als Familienunternehmen gegr\u00fcndet und passt sich seitdem den [&hellip;]<\/p>\n","protected":false},"author":2,"featured_media":0,"parent":0,"menu_order":0,"comment_status":"closed","ping_status":"closed","template":"","meta":{"_et_pb_use_builder":"on","_et_pb_old_content":"","_et_gb_content_width":""},"_links":{"self":[{"href":"https:\/\/larreno.com\/de\/wp-json\/wp\/v2\/pages\/1895"}],"collection":[{"href":"https:\/\/larreno.com\/de\/wp-json\/wp\/v2\/pages"}],"about":[{"href":"https:\/\/larreno.com\/de\/wp-json\/wp\/v2\/types\/page"}],"author":[{"embeddable":true,"href":"https:\/\/larreno.com\/de\/wp-json\/wp\/v2\/users\/2"}],"replies":[{"embeddable":true,"href":"https:\/\/larreno.com\/de\/wp-json\/wp\/v2\/comments?post=1895"}],"version-history":[{"count":45,"href":"https:\/\/larreno.com\/de\/wp-json\/wp\/v2\/pages\/1895\/revisions"}],"predecessor-version":[{"id":3753,"href":"https:\/\/larreno.com\/de\/wp-json\/wp\/v2\/pages\/1895\/revisions\/3753"}],"wp:attachment":[{"href":"https:\/\/larreno.com\/de\/wp-json\/wp\/v2\/media?parent=1895"}],"curies":[{"name":"wp","href":"https:\/\/api.w.org\/{rel}","templated":true}]}}